{"id":1808,"date":"2022-03-21T07:21:11","date_gmt":"2022-03-21T07:21:11","guid":{"rendered":"https:\/\/ogpa.com.br\/index.php\/home\/"},"modified":"2026-03-25T16:38:27","modified_gmt":"2026-03-25T16:38:27","slug":"home","status":"publish","type":"page","link":"https:\/\/ogpa.com.br\/","title":{"rendered":"Home"},"content":{"rendered":"\t\t<div data-elementor-type=\"wp-page\" data-elementor-id=\"1808\" class=\"elementor elementor-1808\">\n\t\t\t\t<div class=\"elementor-element elementor-element-594f359 e-con-full e-flex e-con e-parent\" data-id=\"594f359\" data-element_type=\"container\" data-e-type=\"container\">\n\t\t<div class=\"elementor-element elementor-element-e1fa399 e-con-full e-flex e-con e-child\" data-id=\"e1fa399\" data-element_type=\"container\" data-e-type=\"container\">\n\t\t\t\t<div class=\"elementor-element elementor-element-5b8abc8 elementor-widget elementor-widget-heading\" data-id=\"5b8abc8\" data-element_type=\"widget\" data-e-type=\"widget\" data-widget_type=\"heading.default\">\n\t\t\t\t<div class=\"elementor-widget-container\">\n\t\t\t\t\t<h3 class=\"elementor-heading-title elementor-size-default\"><h2 data-elementor-setting-key=\"title\" data-pen-placeholder=\"Digite aqui...\" style=\"font-style: normal;text-align: center\">\u00daltimas Postagens<\/h2><\/h3>\t\t\t\t<\/div>\n\t\t\t\t<\/div>\n\t\t\t\t<div class=\"elementor-element elementor-element-d53f9cd elementor-align-center elementor-widget elementor-widget-button\" data-id=\"d53f9cd\" data-element_type=\"widget\" data-e-type=\"widget\" data-widget_type=\"button.default\">\n\t\t\t\t<div class=\"elementor-widget-container\">\n\t\t\t\t\t\t\t\t\t<div class=\"elementor-button-wrapper\">\n\t\t\t\t\t<a class=\"elementor-button elementor-button-link elementor-size-sm\" href=\"https:\/\/ogpa.com.br\/index.php\/editoriais\/\" target=\"_blank\">\n\t\t\t\t\t\t<span class=\"elementor-button-content-wrapper\">\n\t\t\t\t\t\t\t\t\t<span class=\"elementor-button-text\">Ver todas<\/span>\n\t\t\t\t\t<\/span>\n\t\t\t\t\t<\/a>\n\t\t\t\t<\/div>\n\t\t\t\t\t\t\t\t<\/div>\n\t\t\t\t<\/div>\n\t\t\t\t<div class=\"elementor-element elementor-element-b892177 elementor-widget elementor-widget-ucaddon_post_blocks\" data-id=\"b892177\" data-element_type=\"widget\" data-e-type=\"widget\" data-widget_type=\"ucaddon_post_blocks.default\">\n\t\t\t\t<div class=\"elementor-widget-container\">\n\t\t\t\t\t\n<!-- start Post Blocks -->\n\t\t<link id='font-awesome-css' href='https:\/\/ogpa.com.br\/wp-content\/plugins\/unlimited-elements-for-elementor\/assets_libraries\/font-awesome6\/fontawesome-all.min.css' type='text\/css' rel='stylesheet' >\n\t\t<link id='font-awesome-4-shim-css' href='https:\/\/ogpa.com.br\/wp-content\/plugins\/unlimited-elements-for-elementor\/assets_libraries\/font-awesome6\/fontawesome-v4-shims.min.css' type='text\/css' rel='stylesheet' >\n\n<style>\/* widget: Post Blocks *\/\n\n\n\n#uc_post_blocks_elementor_b892177 {\n    display:grid;\n}\n#uc_post_blocks_elementor_b892177 .ue_post_blocks_box\n{\n  overflow:hidden;\n}\n\n#uc_post_blocks_elementor_b892177 .ue_post_blocks_image\n{\n  overflow:hidden;\n}\n#uc_post_blocks_elementor_b892177 .ue_post_blocks_image img\n{\n  width:100%;\n  display:block;\n}\n#uc_post_blocks_elementor_b892177 .ue_post_blocks_link a\n{\n  display:inline-block;\n  text-decoration:none;\n  text-align:center;\n}\n\n\n#uc_post_blocks_elementor_b892177 .ue-grid-item-meta-data\n{\n  display:inlin-flex;\n  flex-wrap: wrap;\n}\n\n.ue-grid-item-meta-data\n{\n  font-size:12px;\n}\n\n#uc_post_blocks_elementor_b892177 .ue-grid-item-meta-data-icon\n{\n  line-height:1em;\n}\n\n#uc_post_blocks_elementor_b892177 .ue-grid-item-meta-data-icon svg\n{\n  width:1em;\n  height:1em;\n}\n\n#uc_post_blocks_elementor_b892177 .ue_post_blocks_box{\n  display: flex;\n  flex-direction: column;\n}\n#uc_post_blocks_elementor_b892177 .ue_post_blocks_content{\n display: flex; flex-grow: 1;\n flex-direction: column;\n}\n#uc_post_blocks_elementor_b892177 .ue_post_blocks_link{ margin-top: auto;\n}\n\n.ue-grid-item-category a\n{\n  display:inline-block;\n  font-size:10px;\n  text-transform:uppercase;\n}\n\n\n\n\n<\/style>\n\n<div id=\"uc_post_blocks_elementor_b892177\" class=\"ue_post_blocks uc-items-wrapper \" >\n    <div class=\"ue_post_blocks_box\">\n    <div class=\"ue_post_blocks_image\">\n    <a href=\"https:\/\/ogpa.com.br\/index.php\/2026\/04\/01\/reassentamento-de-moradores-da-vila-da-barca-reuniao-com-mpf\/\" style=\"display:block;\"><img loading=\"lazy\" decoding=\"async\" src=\"https:\/\/ogpa.com.br\/wp-content\/uploads\/2026\/04\/imagem_2026-04-01_102715862.png\"  src=\"https:\/\/ogpa.com.br\/wp-content\/uploads\/2026\/04\/imagem_2026-04-01_102715862.png\" alt=\"imagem_2026-04-01_102715862\" width=\"768\" height=\"512\"><\/a>\n  <\/div>\n    <div class=\"ue_post_blocks_content\">\n      \n     <div class=\"ue-grid-item-category\"><a href=\"https:\/\/ogpa.com.br\/index.php\/category\/divulgacao\/\">Divulga\u00e7\u00e3o<\/a><\/div>\n         \n    <div class=\"ue_post_blocks_title\"><a href=\"https:\/\/ogpa.com.br\/index.php\/2026\/04\/01\/reassentamento-de-moradores-da-vila-da-barca-reuniao-com-mpf\/\">Reassentamento de moradores da Vila da Barca - Reuni\u00e3o com MPF<\/a><\/div>    \n        \n    \n    <div class=\"ue_post_blocks_text\">Vila da Barca, Bel\u00e9m (PA). Fonte: MPF-PA\n\n\n\n\n\nAs informa\u00e7\u00f5es abaixo foram divulgadas pela Assessoria de Comunica\u00e7\u00e3o do MPF-PA\n\n\nO Minist\u00e9rio P\u00fablico Federal (MPF) realizar\u00e1 uma reuni\u00e3o p\u00fablica no dia 9 de abril, \u00e0s 15h, em sua sede em Bel\u00e9m (PA), para debater o Projeto Federal de Compra Assistida, proposto...<\/div>      <\/div>\n<\/div>\n<div class=\"ue_post_blocks_box\">\n    <div class=\"ue_post_blocks_image\">\n    <a href=\"https:\/\/ogpa.com.br\/index.php\/2026\/02\/06\/ponte-outeiro-mosqueiro-porque-a-transparencia-importa-tanto-quanto-a-obra-evandro-ladislau\/\" style=\"display:block;\"><img loading=\"lazy\" decoding=\"async\" src=\"https:\/\/ogpa.com.br\/wp-content\/uploads\/2026\/02\/image-768x398.png\"  src=\"https:\/\/ogpa.com.br\/wp-content\/uploads\/2026\/02\/image-768x398.png\" alt=\"image\" width=\"768\" height=\"398\"><\/a>\n  <\/div>\n    <div class=\"ue_post_blocks_content\">\n      \n     <div class=\"ue-grid-item-category\"><a href=\"https:\/\/ogpa.com.br\/index.php\/category\/opiniao\/\">Opini\u00e3o<\/a><\/div>\n         \n    <div class=\"ue_post_blocks_title\"><a href=\"https:\/\/ogpa.com.br\/index.php\/2026\/02\/06\/ponte-outeiro-mosqueiro-porque-a-transparencia-importa-tanto-quanto-a-obra-evandro-ladislau\/\">Ponte Outeiro-Mosqueiro. Porque a transpar\u00eancia importa tanto quanto a obra? - Evandro Ladislau<\/a><\/div>    \n        \n    \n    <div class=\"ue_post_blocks_text\">Ponte de Mosqueiro sobre o furo das Marinhas. Fonte: Instagram Voando Sobre Tudo\n\n\n\n\n\nH\u00e1 dezesseis anos acompanho as discuss\u00f5es sobre a constru\u00e7\u00e3o de uma ponte na regi\u00e3o metropolitana de Bel\u00e9m, ligando os distritos de Outeiro a Mosqueiro. O projeto aparece e desaparece do debate p\u00fablico. Ora surge como...<\/div>      <\/div>\n<\/div>\n<div class=\"ue_post_blocks_box\">\n    <div class=\"ue_post_blocks_image\">\n    <a href=\"https:\/\/ogpa.com.br\/index.php\/2026\/02\/05\/o-projeto-de-aterro-sanitario-no-acara-comentarios-de-andre-farias\/\" style=\"display:block;\"><img loading=\"lazy\" decoding=\"async\" src=\"https:\/\/ogpa.com.br\/wp-content\/uploads\/2026\/02\/imagem_2026-02-05_111043279-768x500.png\"  src=\"https:\/\/ogpa.com.br\/wp-content\/uploads\/2026\/02\/imagem_2026-02-05_111043279-768x500.png\" alt=\"imagem_2026-02-05_111043279\" width=\"768\" height=\"500\"><\/a>\n  <\/div>\n    <div class=\"ue_post_blocks_content\">\n      \n     <div class=\"ue-grid-item-category\"><a href=\"https:\/\/ogpa.com.br\/index.php\/category\/divulgacao\/\">Divulga\u00e7\u00e3o<\/a><\/div>\n         \n    <div class=\"ue_post_blocks_title\"><a href=\"https:\/\/ogpa.com.br\/index.php\/2026\/02\/05\/o-projeto-de-aterro-sanitario-no-acara-comentarios-de-andre-farias\/\">O projeto de aterro sanit\u00e1rio no Acar\u00e1 - coment\u00e1rios de Andr\u00e9 Farias<\/a><\/div>    \n        \n    \n    <div class=\"ue_post_blocks_text\">Coment\u00e1rios do Prof. Andr\u00e9 Farias sobre o grande projeto de aterro sanit\u00e1rio localizado no munic\u00edpio do Acar\u00e1 (PA). Mat\u00e9ria &#8216;Projeto de \u2018lix\u00e3o\u2019 na Grande Bel\u00e9m gera temor de contamina\u00e7\u00e3o de rios da Amaz\u00f4nia&#8216; do site Rep\u00f3rter Brasil.<\/div>      <\/div>\n<\/div>\n\n<\/div>\n<!-- end Post Blocks -->\t\t\t\t<\/div>\n\t\t\t\t<\/div>\n\t\t\t\t<div class=\"elementor-element elementor-element-2ca9dcf elementor-align-center elementor-widget elementor-widget-button\" data-id=\"2ca9dcf\" data-element_type=\"widget\" data-e-type=\"widget\" data-widget_type=\"button.default\">\n\t\t\t\t<div class=\"elementor-widget-container\">\n\t\t\t\t\t\t\t\t\t<div class=\"elementor-button-wrapper\">\n\t\t\t\t\t<a class=\"elementor-button elementor-button-link elementor-size-sm\" href=\"https:\/\/ogpa.com.br\/index.php\/submissao-de-artigos-de-opiniao\/\" target=\"_blank\">\n\t\t\t\t\t\t<span class=\"elementor-button-content-wrapper\">\n\t\t\t\t\t\t\t\t\t<span class=\"elementor-button-text\">Submiss\u00e3o de artigos<\/span>\n\t\t\t\t\t<\/span>\n\t\t\t\t\t<\/a>\n\t\t\t\t<\/div>\n\t\t\t\t\t\t\t\t<\/div>\n\t\t\t\t<\/div>\n\t\t\t\t<div class=\"elementor-element elementor-element-5887c42 elementor-widget elementor-widget-heading\" data-id=\"5887c42\" data-element_type=\"widget\" data-e-type=\"widget\" data-widget_type=\"heading.default\">\n\t\t\t\t<div class=\"elementor-widget-container\">\n\t\t\t\t\t<h2 class=\"elementor-heading-title elementor-size-default\">Categorias de Projetos<\/h2>\t\t\t\t<\/div>\n\t\t\t\t<\/div>\n\t\t<div class=\"elementor-element elementor-element-8392b2e e-con-full e-flex e-con e-child\" data-id=\"8392b2e\" data-element_type=\"container\" data-e-type=\"container\">\n\t\t<div class=\"elementor-element elementor-element-6c3d416 e-con-full e-flex e-con e-child\" data-id=\"6c3d416\" data-element_type=\"container\" data-e-type=\"container\" data-settings=\"{&quot;background_background&quot;:&quot;classic&quot;}\">\n\t\t\t\t<div class=\"elementor-element elementor-element-15bc11f elementor-widget elementor-widget-heading\" data-id=\"15bc11f\" data-element_type=\"widget\" data-e-type=\"widget\" data-widget_type=\"heading.default\">\n\t\t\t\t<div class=\"elementor-widget-container\">\n\t\t\t\t\t<h4 class=\"elementor-heading-title elementor-size-default\"><a href=\"https:\/\/ogpa.com.br\/index.php\/grande-proejtos-urbanos\/\" target=\"_blank\">Urbanos<\/a><\/h4>\t\t\t\t<\/div>\n\t\t\t\t<\/div>\n\t\t\t\t<\/div>\n\t\t<div class=\"elementor-element elementor-element-666bf63 e-con-full e-flex e-con e-child\" data-id=\"666bf63\" data-element_type=\"container\" data-e-type=\"container\" data-settings=\"{&quot;background_background&quot;:&quot;classic&quot;}\">\n\t\t\t\t<div class=\"elementor-element elementor-element-d6f6614 elementor-widget elementor-widget-heading\" data-id=\"d6f6614\" data-element_type=\"widget\" data-e-type=\"widget\" data-widget_type=\"heading.default\">\n\t\t\t\t<div class=\"elementor-widget-container\">\n\t\t\t\t\t<h4 class=\"elementor-heading-title elementor-size-default\"><a href=\"https:\/\/ogpa.com.br\/index.php\/grande-projeto-industrial\/\">Industriais<\/a><\/h4>\t\t\t\t<\/div>\n\t\t\t\t<\/div>\n\t\t\t\t<\/div>\n\t\t<div class=\"elementor-element elementor-element-730ae58 e-con-full e-flex e-con e-child\" data-id=\"730ae58\" data-element_type=\"container\" data-e-type=\"container\" data-settings=\"{&quot;background_background&quot;:&quot;classic&quot;}\">\n\t\t\t\t<div class=\"elementor-element elementor-element-efef949 elementor-widget elementor-widget-heading\" data-id=\"efef949\" data-element_type=\"widget\" data-e-type=\"widget\" data-widget_type=\"heading.default\">\n\t\t\t\t<div class=\"elementor-widget-container\">\n\t\t\t\t\t<h4 class=\"elementor-heading-title elementor-size-default\"><a href=\"https:\/\/ogpa.com.br\/index.php\/grandes-projetos-monocultura\/\" target=\"_blank\">Monocultura<\/a><\/h4>\t\t\t\t<\/div>\n\t\t\t\t<\/div>\n\t\t\t\t<\/div>\n\t\t<div class=\"elementor-element elementor-element-2c02336 e-con-full e-flex e-con e-child\" data-id=\"2c02336\" data-element_type=\"container\" data-e-type=\"container\" data-settings=\"{&quot;background_background&quot;:&quot;classic&quot;}\">\n\t\t\t\t<div class=\"elementor-element elementor-element-b0b64ce elementor-widget elementor-widget-heading\" data-id=\"b0b64ce\" data-element_type=\"widget\" data-e-type=\"widget\" data-widget_type=\"heading.default\">\n\t\t\t\t<div class=\"elementor-widget-container\">\n\t\t\t\t\t<h4 class=\"elementor-heading-title elementor-size-default\"><a href=\"https:\/\/ogpa.com.br\/index.php\/grandes-projetos-de-infraestrutura\/\" target=\"_blank\">Infraestrutura<\/a><\/h4>\t\t\t\t<\/div>\n\t\t\t\t<\/div>\n\t\t\t\t<\/div>\n\t\t\t\t<\/div>\n\t\t\t\t<\/div>\n\t\t\t\t<div class=\"elementor-element elementor-element-4cdda1d elementor-widget elementor-widget-heading\" data-id=\"4cdda1d\" data-element_type=\"widget\" data-e-type=\"widget\" data-widget_type=\"heading.default\">\n\t\t\t\t<div class=\"elementor-widget-container\">\n\t\t\t\t\t<h2 class=\"elementor-heading-title elementor-size-default\"><a href=\"https:\/\/www2.mppa.mp.br\" target=\"_blank\"><br>Defesa do Territ\u00f3rio<\/a><\/h2>\t\t\t\t<\/div>\n\t\t\t\t<\/div>\n\t\t<div class=\"elementor-element elementor-element-5d62414 e-con-full e-flex e-con e-child\" data-id=\"5d62414\" data-element_type=\"container\" data-e-type=\"container\">\n\t\t\t\t<div class=\"elementor-element elementor-element-1aaee04 elementor-widget elementor-widget-image\" data-id=\"1aaee04\" data-element_type=\"widget\" data-e-type=\"widget\" data-widget_type=\"image.default\">\n\t\t\t\t<div class=\"elementor-widget-container\">\n\t\t\t\t\t\t\t\t\t\t\t\t\t\t\t\t<a href=\"https:\/\/ogpa.com.br\/index.php\/defesa-do-territorio-guia-para-comunidades-afetadas-por-grandes-projetos-na-amazonia\/\">\n\t\t\t\t\t\t\t<img decoding=\"async\" src=\"https:\/\/ogpa.com.br\/wp-content\/uploads\/elementor\/thumbs\/ChatGPT_Image_25_de_mar._de_2026__13_27_22-removebg-preview-rl1bqnbg06qlkop5h49szsk4comaxgfskuc72klgo0.png\" title=\"ChatGPT_Image_25_de_mar._de_2026__13_27_22-removebg-preview\" alt=\"ChatGPT_Image_25_de_mar._de_2026__13_27_22-removebg-preview\" loading=\"lazy\" \/>\t\t\t\t\t\t\t\t<\/a>\n\t\t\t\t\t\t\t\t\t\t\t\t\t\t\t<\/div>\n\t\t\t\t<\/div>\n\t\t\t\t<\/div>\n\t\t\t\t<div class=\"elementor-element elementor-element-9c58e31 elementor-widget elementor-widget-heading\" data-id=\"9c58e31\" data-element_type=\"widget\" data-e-type=\"widget\" data-widget_type=\"heading.default\">\n\t\t\t\t<div class=\"elementor-widget-container\">\n\t\t\t\t\t<h2 class=\"elementor-heading-title elementor-size-default\"><a href=\"https:\/\/www2.mppa.mp.br\" target=\"_blank\">Outros Observat\u00f3rios<\/a><\/h2>\t\t\t\t<\/div>\n\t\t\t\t<\/div>\n\t\t<div class=\"elementor-element elementor-element-88ec681 e-con-full e-flex e-con e-child\" data-id=\"88ec681\" data-element_type=\"container\" data-e-type=\"container\">\n\t\t<div class=\"elementor-element elementor-element-9a90a92 e-con-full e-flex e-con e-child\" data-id=\"9a90a92\" data-element_type=\"container\" data-e-type=\"container\" data-settings=\"{&quot;background_background&quot;:&quot;classic&quot;}\">\n\t\t\t\t<div class=\"elementor-element elementor-element-4206e6a elementor-widget elementor-widget-heading\" data-id=\"4206e6a\" data-element_type=\"widget\" data-e-type=\"widget\" data-widget_type=\"heading.default\">\n\t\t\t\t<div class=\"elementor-widget-container\">\n\t\t\t\t\t<p class=\"elementor-heading-title elementor-size-default\"><a href=\"https:\/\/climaesaude.icict.fiocruz.br\" target=\"_blank\">Observat\u00f3rio de Clima e Sa\u00fade<\/a><\/p>\t\t\t\t<\/div>\n\t\t\t\t<\/div>\n\t\t\t\t<\/div>\n\t\t<div class=\"elementor-element elementor-element-da15f37 e-con-full e-flex e-con e-child\" data-id=\"da15f37\" data-element_type=\"container\" data-e-type=\"container\" data-settings=\"{&quot;background_background&quot;:&quot;classic&quot;}\">\n\t\t\t\t<div class=\"elementor-element elementor-element-279af78 elementor-widget elementor-widget-heading\" data-id=\"279af78\" data-element_type=\"widget\" data-e-type=\"widget\" data-widget_type=\"heading.default\">\n\t\t\t\t<div class=\"elementor-widget-container\">\n\t\t\t\t\t<p class=\"elementor-heading-title elementor-size-default\"><a href=\"https:\/\/observatoriodamineracao.com.br\" target=\"_blank\">Observat\u00f3rio da    Minera\u00e7\u00e3o<\/a><\/p>\t\t\t\t<\/div>\n\t\t\t\t<\/div>\n\t\t\t\t<\/div>\n\t\t<div class=\"elementor-element elementor-element-04fef8f e-con-full e-flex e-con e-child\" data-id=\"04fef8f\" data-element_type=\"container\" data-e-type=\"container\" data-settings=\"{&quot;background_background&quot;:&quot;classic&quot;}\">\n\t\t\t\t<div class=\"elementor-element elementor-element-0924b18 elementor-widget elementor-widget-heading\" data-id=\"0924b18\" data-element_type=\"widget\" data-e-type=\"widget\" data-widget_type=\"heading.default\">\n\t\t\t\t<div class=\"elementor-widget-container\">\n\t\t\t\t\t<p class=\"elementor-heading-title elementor-size-default\"><a href=\"https:\/\/www.observatoriododende.blog\" target=\"_blank\">Observat\u00f3rio do    Dend\u00ea<\/a><\/p>\t\t\t\t<\/div>\n\t\t\t\t<\/div>\n\t\t\t\t<\/div>\n\t\t<div class=\"elementor-element elementor-element-dd5d592 e-con-full e-flex e-con e-child\" data-id=\"dd5d592\" data-element_type=\"container\" data-e-type=\"container\" data-settings=\"{&quot;background_background&quot;:&quot;classic&quot;}\">\n\t\t\t\t<div class=\"elementor-element elementor-element-ffc6b06 elementor-widget elementor-widget-heading\" data-id=\"ffc6b06\" data-element_type=\"widget\" data-e-type=\"widget\" data-widget_type=\"heading.default\">\n\t\t\t\t<div class=\"elementor-widget-container\">\n\t\t\t\t\t<p class=\"elementor-heading-title elementor-size-default\"><a href=\"https:\/\/mapadeconflitos.ensp.fiocruz.br\" target=\"_blank\">Mapa de Conflitos de Injusti\u00e7a Ambiental<\/a><\/p>\t\t\t\t<\/div>\n\t\t\t\t<\/div>\n\t\t\t\t<\/div>\n\t\t<div class=\"elementor-element elementor-element-731bf99 e-con-full e-flex e-con e-child\" data-id=\"731bf99\" data-element_type=\"container\" data-e-type=\"container\" data-settings=\"{&quot;background_background&quot;:&quot;classic&quot;}\">\n\t\t\t\t<div class=\"elementor-element elementor-element-53efc91 elementor-widget elementor-widget-heading\" data-id=\"53efc91\" data-element_type=\"widget\" data-e-type=\"widget\" data-widget_type=\"heading.default\">\n\t\t\t\t<div class=\"elementor-widget-container\">\n\t\t\t\t\t<p class=\"elementor-heading-title elementor-size-default\"><a href=\"https:\/\/www.observatoriodasmetropoles.net.br\" target=\"_blank\">Coletivo de Pesquisa Desigualdade Ambiental, Economia e Pol\u00edtica<\/a><\/p>\t\t\t\t<\/div>\n\t\t\t\t<\/div>\n\t\t\t\t<\/div>\n\t\t<div class=\"elementor-element elementor-element-c94a523 e-con-full e-flex e-con e-child\" data-id=\"c94a523\" data-element_type=\"container\" data-e-type=\"container\" data-settings=\"{&quot;background_background&quot;:&quot;classic&quot;}\">\n\t\t\t\t<div class=\"elementor-element elementor-element-da3f325 elementor-widget elementor-widget-heading\" data-id=\"da3f325\" data-element_type=\"widget\" data-e-type=\"widget\" data-widget_type=\"heading.default\">\n\t\t\t\t<div class=\"elementor-widget-container\">\n\t\t\t\t\t<p class=\"elementor-heading-title elementor-size-default\"><a href=\"https:\/\/rbja.org\" target=\"_blank\">Rede Brasileira de Justi\u00e7a Ambiental<\/a><\/p>\t\t\t\t<\/div>\n\t\t\t\t<\/div>\n\t\t\t\t<\/div>\n\t\t\t\t<\/div>\n\t\t\t\t<\/div>\n\t\t<div class=\"elementor-element elementor-element-b36154e e-flex e-con-boxed e-con e-parent\" data-id=\"b36154e\" data-element_type=\"container\" data-e-type=\"container\">\n\t\t\t\t\t<div class=\"e-con-inner\">\n\t\t\t\t<div class=\"elementor-element elementor-element-d800055 elementor-widget elementor-widget-spacer\" data-id=\"d800055\" data-element_type=\"widget\" data-e-type=\"widget\" data-widget_type=\"spacer.default\">\n\t\t\t\t<div class=\"elementor-widget-container\">\n\t\t\t\t\t\t\t<div class=\"elementor-spacer\">\n\t\t\t<div class=\"elementor-spacer-inner\"><\/div>\n\t\t<\/div>\n\t\t\t\t\t\t<\/div>\n\t\t\t\t<\/div>\n\t\t\t\t\t<\/div>\n\t\t\t\t<\/div>\n\t\t\t\t<\/div>\n\t\t","protected":false},"excerpt":{"rendered":"<p>\u00daltimas Postagens Ver todas Opini\u00e3o Ponte Outeiro-Mosqueiro. Porque a transpar\u00eancia importa tanto quanto a obra? &#8211; Evandro Ladislau Ponte de Mosqueiro sobre o furo das Marinhas. Fonte: Instagram Voando Sobre Tudo H\u00e1 dezesseis anos acompanho as discuss\u00f5es sobre a constru\u00e7\u00e3o de uma ponte na regi\u00e3o metropolitana de Bel\u00e9m, ligando os distritos de Outeiro a Mosqueiro. [&hellip;]<\/p>\n","protected":false},"author":1,"featured_media":0,"parent":0,"menu_order":0,"comment_status":"closed","ping_status":"closed","template":"","meta":{"_editorskit_title_hidden":false,"_editorskit_reading_time":0,"_editorskit_is_block_options_detached":false,"_editorskit_block_options_position":"{}","_uag_custom_page_level_css":"","site-sidebar-layout":"no-sidebar","site-content-layout":"page-builder","ast-site-content-layout":"full-width-container","site-content-style":"unboxed","site-sidebar-style":"unboxed","ast-global-header-display":"","ast-banner-title-visibility":"","ast-main-header-display":"","ast-hfb-above-header-display":"","ast-hfb-below-header-display":"","ast-hfb-mobile-header-display":"","site-post-title":"disabled","ast-breadcrumbs-content":"","ast-featured-img":"disabled","footer-sml-layout":"","theme-transparent-header-meta":"","adv-header-id-meta":"","stick-header-meta":"","header-above-stick-meta":"","header-main-stick-meta":"","header-below-stick-meta":"","astra-migrate-meta-layouts":"set","ast-page-background-enabled":"default","ast-page-background-meta":{"desktop":{"background-color":"","background-image":"","background-repeat":"repeat","background-position":"center center","background-size":"auto","background-attachment":"scroll","background-type":"","background-media":"","overlay-type":"","overlay-color":"","overlay-opacity":"","overlay-gradient":""},"tablet":{"background-color":"","background-image":"","background-repeat":"repeat","background-position":"center center","background-size":"auto","background-attachment":"scroll","background-type":"","background-media":"","overlay-type":"","overlay-color":"","overlay-opacity":"","overlay-gradient":""},"mobile":{"background-color":"","background-image":"","background-repeat":"repeat","background-position":"center center","background-size":"auto","background-attachment":"scroll","background-type":"","background-media":"","overlay-type":"","overlay-color":"","overlay-opacity":"","overlay-gradient":""}},"ast-content-background-meta":{"desktop":{"background-color":"var(--ast-global-color-5)","background-image":"","background-repeat":"repeat","background-position":"center center","background-size":"auto","background-attachment":"scroll","background-type":"","background-media":"","overlay-type":"","overlay-color":"","overlay-opacity":"","overlay-gradient":""},"tablet":{"background-color":"var(--ast-global-color-5)","background-image":"","background-repeat":"repeat","background-position":"center center","background-size":"auto","background-attachment":"scroll","background-type":"","background-media":"","overlay-type":"","overlay-color":"","overlay-opacity":"","overlay-gradient":""},"mobile":{"background-color":"var(--ast-global-color-5)","background-image":"","background-repeat":"repeat","background-position":"center center","background-size":"auto","background-attachment":"scroll","background-type":"","background-media":"","overlay-type":"","overlay-color":"","overlay-opacity":"","overlay-gradient":""}},"footnotes":""},"class_list":["post-1808","page","type-page","status-publish","hentry"],"uagb_featured_image_src":{"full":false,"thumbnail":false,"medium":false,"medium_large":false,"large":false,"1536x1536":false,"2048x2048":false},"uagb_author_info":{"display_name":"ogpa","author_link":"https:\/\/ogpa.com.br\/index.php\/author\/gaagpam\/"},"uagb_comment_info":0,"uagb_excerpt":"\u00daltimas Postagens Ver todas Opini\u00e3o Ponte Outeiro-Mosqueiro. Porque a transpar\u00eancia importa tanto quanto a obra? &#8211; Evandro Ladislau Ponte de Mosqueiro sobre o furo das Marinhas. Fonte: Instagram Voando Sobre Tudo H\u00e1 dezesseis anos acompanho as discuss\u00f5es sobre a constru\u00e7\u00e3o de uma ponte na regi\u00e3o metropolitana de Bel\u00e9m, ligando os distritos de Outeiro a Mosqueiro.&hellip;","jetpack-related-posts":[{"id":1869,"url":"https:\/\/ogpa.com.br\/index.php\/editoriais\/","url_meta":{"origin":1808,"position":0},"title":"Editorial","author":"ogpa","date":"janeiro 28, 2024","format":false,"excerpt":"Editoriais Live - Grandes Projetos e viola\u00e7\u00e3o de direito humanos na Amaz\u00f4nia 26 mar\u00e7o 2025 Acesso DIVULGA\u00c7\u00c3O - Prorroga\u00e7\u00e3o Chamada Novos Pesquisadores 01 outubro 2024 Edital com errata AQUI Edital original AQUI Liberdade para quem? Avenida Liberdade, Capital e Pol\u00edtica 23 setembro 2024 O que \u00e9 liberdade? Liberdade tem v\u00e1rios\u2026","rel":"","context":"Post similar","block_context":{"text":"Post similar","link":""},"img":{"alt_text":"e8cc7d38-7b4a-45a1-991c-eaf74f40679c-1","src":"https:\/\/i0.wp.com\/ogpa.com.br\/wp-content\/uploads\/2025\/03\/e8cc7d38-7b4a-45a1-991c-eaf74f40679c-1.jpg?resize=350%2C200&ssl=1","width":350,"height":200,"srcset":"https:\/\/i0.wp.com\/ogpa.com.br\/wp-content\/uploads\/2025\/03\/e8cc7d38-7b4a-45a1-991c-eaf74f40679c-1.jpg?resize=350%2C200&ssl=1 1x, https:\/\/i0.wp.com\/ogpa.com.br\/wp-content\/uploads\/2025\/03\/e8cc7d38-7b4a-45a1-991c-eaf74f40679c-1.jpg?resize=525%2C300&ssl=1 1.5x, https:\/\/i0.wp.com\/ogpa.com.br\/wp-content\/uploads\/2025\/03\/e8cc7d38-7b4a-45a1-991c-eaf74f40679c-1.jpg?resize=700%2C400&ssl=1 2x, https:\/\/i0.wp.com\/ogpa.com.br\/wp-content\/uploads\/2025\/03\/e8cc7d38-7b4a-45a1-991c-eaf74f40679c-1.jpg?resize=1050%2C600&ssl=1 3x"},"classes":[]}],"_links":{"self":[{"href":"https:\/\/ogpa.com.br\/index.php\/wp-json\/wp\/v2\/pages\/1808","targetHints":{"allow":["GET"]}}],"collection":[{"href":"https:\/\/ogpa.com.br\/index.php\/wp-json\/wp\/v2\/pages"}],"about":[{"href":"https:\/\/ogpa.com.br\/index.php\/wp-json\/wp\/v2\/types\/page"}],"author":[{"embeddable":true,"href":"https:\/\/ogpa.com.br\/index.php\/wp-json\/wp\/v2\/users\/1"}],"replies":[{"embeddable":true,"href":"https:\/\/ogpa.com.br\/index.php\/wp-json\/wp\/v2\/comments?post=1808"}],"version-history":[{"count":149,"href":"https:\/\/ogpa.com.br\/index.php\/wp-json\/wp\/v2\/pages\/1808\/revisions"}],"predecessor-version":[{"id":3944,"href":"https:\/\/ogpa.com.br\/index.php\/wp-json\/wp\/v2\/pages\/1808\/revisions\/3944"}],"wp:attachment":[{"href":"https:\/\/ogpa.com.br\/index.php\/wp-json\/wp\/v2\/media?parent=1808"}],"curies":[{"name":"wp","href":"https:\/\/api.w.org\/{rel}","templated":true}]}}