{"id":201,"date":"2021-12-22T04:26:26","date_gmt":"2021-12-22T04:26:26","guid":{"rendered":"https:\/\/gaagpam.com.br\/?page_id=201"},"modified":"2023-11-17T14:15:20","modified_gmt":"2023-11-17T14:15:20","slug":"producao-intelectual","status":"publish","type":"page","link":"https:\/\/ogpa.com.br\/index.php\/producao-intelectual\/","title":{"rendered":"Produ\u00e7\u00e3o Intelectual"},"content":{"rendered":"\n<figure class=\"wp-block-table is-style-stripes\"><table><tbody><tr><td><strong>INTEGRANTE<\/strong>&nbsp;<\/td><td><strong>T\u00cdTULO<\/strong>&nbsp;<\/td><td><strong>LOCAL<\/strong>&nbsp;<\/td><\/tr><tr><td>Andr\u00e9 Farias; Alex Teixeira; Jo\u00e3o Gabriel Brito<\/td><td><a href=\"https:\/\/produccioncientificaluz.org\/index.php\/espacio\/article\/view\/41050\" data-type=\"URL\" data-id=\"https:\/\/produccioncientificaluz.org\/index.php\/espacio\/article\/view\/41050\" target=\"_blank\" rel=\"noreferrer noopener\">Grandes projetos, fronteiras e Terras Ind\u00edgenas (TI) na Amaz\u00f4nia: apropria\u00e7\u00e3o de recursos naturais, riscos e conflitos socioambientais<\/a><\/td><td>Revista Espacio Abierto, Dossi\u00ea: \u201cFrontera Venezuela-Brasil: Desarrollo socioecon\u00f3mico, ambiental, cultural e institucional\u201d.<\/td><\/tr><tr><td>Diversos<\/td><td><a href=\"https:\/\/drive.google.com\/drive\/folders\/1iLBIMdEQ6j6_GqDp9LfZexcls1U7ClT3?usp=sharing\" data-type=\"URL\" data-id=\"https:\/\/drive.google.com\/drive\/folders\/1iLBIMdEQ6j6_GqDp9LfZexcls1U7ClT3?usp=sharing\">Apresenta\u00e7\u00f5es do semin\u00e1rio GPU e Sa\u00fade Ambiental na RMB<\/a><\/td><td><\/td><\/tr><tr><td>Andr\u00e9 Farias; Gessivaldo Ferreira; Robert Ferreira<\/td><td><a href=\"https:\/\/periodicos.ufpa.br\/index.php\/reumam\/article\/view\/12328\" data-type=\"URL\" data-id=\"https:\/\/periodicos.ufpa.br\/index.php\/reumam\/article\/view\/12328\" target=\"_blank\" rel=\"noreferrer noopener\">IMPACTOS SOCIOAMBIENTAIS DE GRANDES PROJETOS E ORGANIZA\u00c7\u00d5ES COMUNIT\u00c1RIAS NA AMAZ\u00d4NIA: CONFLITO COMO FOR\u00c7A MOTRIZ!<\/a><\/td><td>&nbsp; REUMAM&nbsp;<\/td><\/tr><tr><td>Autores: Andr\u00e9 Farias; Diana Dias; Ronaldo Mendes.<\/td><td><a href=\"https:\/\/revista.ibict.br\/p2p\/article\/view\/6228\" data-type=\"URL\" data-id=\"https:\/\/revista.ibict.br\/p2p\/article\/view\/6228\" target=\"_blank\" rel=\"noreferrer noopener\">ECOLOGIA POL\u00cdTICA, CONFLITO SOCIOAMBIENTAL E RES\u00cdDUOS S\u00d3LIDOS NA AMAZ\u00d4NIA<\/a><\/td><td>Revista P2P e Inova\u00e7\u00e3o<\/td><\/tr><tr><td>Livro<br>Organizador: Andr\u00e9 Lu\u00eds Assun\u00e7\u00e3o de Farias<\/td><td><a href=\"https:\/\/downloads.editoracientifica.com.br\/books\/978-65-5360-260-1.pdf\" data-type=\"URL\" data-id=\"https:\/\/downloads.editoracientifica.com.br\/books\/978-65-5360-260-1.pdf\" target=\"_blank\" rel=\"noreferrer noopener\">Grandes Projetos na Amaz\u00f4nia: a ecologia pol\u00edtica de danos e conflitos socioambientais<\/a><\/td><td>Editora Cient\u00edfica Digital <\/td><\/tr><tr><td>Livro<br>Organizador: Andr\u00e9 Lu\u00eds Assun\u00e7\u00e3o de Farias<\/td><td><a href=\"https:\/\/drive.google.com\/file\/d\/1GEWcKSeHXExk-Yu3jIaQ_2kfhWwRBkYM\/view?usp=sharing\" data-type=\"URL\" data-id=\"https:\/\/drive.google.com\/file\/d\/1GEWcKSeHXExk-Yu3jIaQ_2kfhWwRBkYM\/view?usp=sharing\">O GRANDE PROJETO DA DENDEICULTURA NA AMAZ\u00d4NIA<br>IMPACTOS, CONFLITOS E ALTERNATIVAS<\/a><\/td><td>Biblioteca do N\u00facleo de Meio Ambiente\/UFPA &#8211; Bel\u00e9m &#8211; PA<\/td><\/tr><tr><td>Autoras: Ana Cl\u00e1udia Dias do Nascimento e Edicleia Gutierrez<br>Orientador: Andr\u00e9 Lu\u00eds Assun\u00e7\u00e3o de Farias<\/td><td><a href=\"https:\/\/drive.google.com\/file\/d\/17qzpYTMV44j3Ac80cnIw6b6mWd888oO0\/view?usp=sharing\" data-type=\"URL\" data-id=\"https:\/\/drive.google.com\/file\/d\/17qzpYTMV44j3Ac80cnIw6b6mWd888oO0\/view?usp=sharing\" target=\"_blank\" rel=\"noreferrer noopener\">PARTICIPA\u00c7\u00c3O, INSTITUCIONALIDADE E ZONEAMENTO TERRITORIAL: A rela\u00e7\u00e3o entre o Conselho de Meio Ambiente de Barcarena\/PA e o Zoneamento Ambiental Municipal (ZAM)<\/a><\/td><td>Monografia de conclus\u00e3o da P\u00f3s-gradua\u00e7\u00e3o em lato sensu, em Zoneamento Ambiental Municipal \u2013 ZAM (NUMA\/UFPA)<\/td><\/tr><tr><td>Autores: Lucivando Barbosa de Moares e Agr\u00edcolo de Farias Miranda<br>Orientador: Andr\u00e9 Lu\u00eds Assun\u00e7\u00e3o de Farias<\/td><td><a href=\"https:\/\/drive.google.com\/file\/d\/1W8pe8eIHrNg7UsYrnW9hgzOrqbe68wos\/view?usp=sharing\" data-type=\"URL\" data-id=\"https:\/\/drive.google.com\/file\/d\/1W8pe8eIHrNg7UsYrnW9hgzOrqbe68wos\/view?usp=sharing\" target=\"_blank\" rel=\"noreferrer noopener\">PARTICIPA\u00c7\u00c3O CIDAD\u00c3 E MOVIMENTOS SOCIAIS EM TERRIT\u00d3RIOS DE GRANDES PROJETOS: constru\u00e7\u00e3o do zoneamento ambiental de Barcarena-PA<\/a><\/td><td>Monografia de conclus\u00e3o da P\u00f3s-gradua\u00e7\u00e3o em lato sensu, em Zoneamento Ambiental Municipal \u2013 ZAM (NUMA\/UFPA)<\/td><\/tr><tr><td>Disserta\u00e7\u00e3o de mestrado de Diana Dias da Luz; Orientador: Andr\u00e9 Lu\u00eds Assun\u00e7\u00e3o de Farias<\/td><td><a href=\"https:\/\/drive.google.com\/file\/d\/1KIRy8O4_0elZlnGqBuQV7BIM8yjm1nWc\/view?usp=sharing\" data-type=\"URL\" data-id=\"https:\/\/drive.google.com\/file\/d\/1KIRy8O4_0elZlnGqBuQV7BIM8yjm1nWc\/view?usp=sharing\" target=\"_blank\" rel=\"noreferrer noopener\">CONFLITOS SOCIOAMBIENTAIS E RES\u00cdDUOS S\u00d3LIDOS NA AMAZ\u00d4NIA: ATERRO SANIT\u00c1RIO DE MARITUBA RMB\/PA, QUILOMBOLAS DO ABACATAL E MOVIMENTO FORA LIX\u00c3O<\/a><\/td><td>PPGEDAM &#8211; NUMA\/UFPA<\/td><\/tr><tr><td>Disserta\u00e7\u00e3o de mestrado de Larissa Mour\u00e3o Pantoja; Orientador: Andr\u00e9 Lu\u00eds Assun\u00e7\u00e3o de Farias<\/td><td><a href=\"https:\/\/drive.google.com\/file\/d\/1zwJhSD_IoTrc_-Vs8AlRgwv_jNN05f4J\/view?usp=sharing\" data-type=\"URL\" data-id=\"https:\/\/drive.google.com\/file\/d\/1zwJhSD_IoTrc_-Vs8AlRgwv_jNN05f4J\/view?usp=sharing\" target=\"_blank\" rel=\"noreferrer noopener\">Impactos Socioambientais de Projetos Urbanos na Amaz\u00f4nia: Ecologia Pol\u00edtica e Cartografia para Gest\u00e3o de Recursos Naturais na Bacia da Estrada Nova, Bel\u00e9m\/PA<\/a><\/td><td>PPGEDAM &#8211; NUMA\/UFPA<\/td><\/tr><tr><td>Andr\u00e9 Lu\u00eds Assun\u00e7\u00e3o de Farias<\/td><td><a href=\"https:\/\/periodicos.ufsc.br\/index.php\/interthesis\/article\/view\/90583\/52948\" data-type=\"URL\" data-id=\"https:\/\/periodicos.ufsc.br\/index.php\/interthesis\/article\/view\/90583\/52948\" target=\"_blank\" rel=\"noreferrer noopener\">IMPACTOS E CONFLITOS SOCIOAMBIENTAIS DE GRANDES PROJETOS NA AMAZ\u00d4NIA: AT\u00c9 QUANDO BARCARENA\/PA SER\u00c1 UMA ZONA DE SACRIF\u00cdCIO?<\/a><\/td><td>INTERTHESIS (FLORIAN\u00d3POLIS)<\/td><\/tr><tr><td>Amanda Rayana da Silva Santos; Andr\u00e9 Lu\u00eds Assun\u00e7\u00e3o de Farias; Lu\u00eds Ot\u00e1vio do Canto Lopes; Rosana Quaresma Maneschy.&nbsp;<\/td><td><a href=\"https:\/\/cointer-pdvagro.com.br\/wp-content\/uploads\/2018\/02\/POL%C3%8DTICA-AGROAMBIENTAL-A-PERSPECTIVA-AMBIENTAL-PARA-PRODU%C3%87%C3%83O-DO-BIODIESEL-NO-NORDESTE-PARAENSE.pdf\" target=\"_blank\" rel=\"noreferrer noopener\">Pol\u00edtica Agroambiental: A Perspectiva Ambiental para Produ\u00e7\u00e3o do Biodiesel no Nordeste Paraense<\/a>&nbsp;<\/td><td>Anais do Congresso Internacional de Ci\u00eancias Agr\u00e1rias&nbsp;<\/td><\/tr><tr><td>Eduardo BIZZO, Andr\u00e9 FARIAS&nbsp;<\/td><td><a href=\"https:\/\/revistas.ufpr.br\/made\/article\/download\/53542\/34449\" target=\"_blank\" rel=\"noreferrer noopener\">Prioriza\u00e7\u00e3o de munic\u00edpios para preven\u00e7\u00e3o, monitoramento e controle de desmatamento na Amaz\u00f4nia: uma contribui\u00e7\u00e3o \u00e0 avalia\u00e7\u00e3o do Plano de A\u00e7\u00e3o para a Preven\u00e7\u00e3o e Controle do Desmatamento na Amaz\u00f4nia Legal (PPCDAm)<\/a>&nbsp;<\/td><td>DESENVOLVIMENTO E MEIO AMBIENTE (UFPR)&nbsp;<\/td><\/tr><tr><td>Adriana Nunes, S\u00e9rgio Cardoso de Moraes, Andr\u00e9 Lu\u00eds Assun\u00e7\u00e3o de Farias&nbsp;<\/td><td><a href=\"https:\/\/revistas.ufpr.br\/made\/article\/view\/48865\" target=\"_blank\" rel=\"noreferrer noopener\">DA CONSERVA\u00c7\u00c3O DA BIODIVERSIDADE \u00c0S ESTRAT\u00c9GIAS DE PODER: A IMPLEMENTA\u00c7\u00c3O DO NOVO C\u00d3DIGO FLORESTAL BRASILEIRO NA AMAZ\u00d4NIA A PARTIR DE DUAS ABORDAGENS TE\u00d3RICAS. DESENVOLVIMENTO E MEIO AMBIENTE (UFPR)<\/a>&nbsp;<\/td><td>DESENVOLVIMENTO E MEIO AMBIENTE (UFPR)&nbsp;<\/td><\/tr><tr><td>Rosa Helena Ribeiro Cruz, Andr\u00e9 Lu\u00eds Assun\u00e7\u00e3o de Farias&nbsp;<\/td><td><a href=\"https:\/\/periodicos.ufpa.br\/index.php\/geoamazonia\/article\/view\/12502\" data-type=\"URL\" data-id=\"https:\/\/periodicos.ufpa.br\/index.php\/geoamazonia\/article\/view\/12502\" target=\"_blank\" rel=\"noreferrer noopener\">IMPACTOS SOCIOAMBIENTAIS DE PRODU\u00c7\u00c3O DE PALMA DE DEND\u00ca NA AMAZ\u00d4NIA PARAENSE: USO DE AGROT\u00d3XICOS.&nbsp;&nbsp;<\/a><\/td><td>REVISTA GEOAMAZ\u00d4NIA&nbsp;<\/td><\/tr><tr><td>Andr\u00e9 Cutrim Carvalho, David Ferreira Carvalho, Andr\u00e9 Lu\u00eds Assun\u00e7\u00e3o de Farias, Alana Paula De Ara\u00fajo Aires&nbsp;<\/td><td><a href=\"https:\/\/revistas.unifacs.br\/index.php\/rde\/article\/view\/4901\" target=\"_blank\" rel=\"noreferrer noopener\">Economia Extrativa Mineral da Amaz\u00f4nia Paraense: Ind\u00fastria-Motriz ou Economia de Enclave (ainda)?<\/a>&nbsp;<\/td><td>Revista de Desenvolvimento Econ\u00f4mico&nbsp;<\/td><\/tr><tr><td>Adriana Dias da Silva, Ronaldo Lopes Rodrigues Mendes, Leonardo Augusto Lobato Bello, Andre Luis Assun\u00e7\u00e3o Farias&nbsp;<\/td><td><a href=\"https:\/\/periodicos.utfpr.edu.br\/rts\/article\/view\/7839\" target=\"_blank\" rel=\"noreferrer noopener\">Sustainability of rain water supply technologies: a methodology applied to Bel\u00e9m county islands<\/a>&nbsp;&nbsp;<\/td><td>REVISTA TECNOLOGIA E SOCIEDADE&nbsp;<\/td><\/tr><tr><td>Anderson Maycon Tavares LAMEIRA, Ot\u00e1vio do CANTO, Ricardo \u00c2ngelo Pereira de LIMA, Andr\u00e9 FARIAS&nbsp;<\/td><td><a href=\"http:\/\/www.ihgp.net.br\/revista\/index.php\/revista\/article\/view\/78\" target=\"_blank\" rel=\"noreferrer noopener\">CONFLITO SOCIOAMBIENTAL NO CERRADO: A MONOCULTURA DA SOJA NOS CONFLITO SOCIOAMBIENTAL NO CERRADO: A MO MUNICIPIOS DE ITAUBAL E MACAP\u00c1, AMAP\u00c1<\/a>&nbsp;<\/td><td>REVISTA DO INSTITUTO HIST\u00d3RICO E GEOGR\u00c1FICO DO PAR\u00c1&nbsp;<\/td><\/tr><tr><td><\/td><td><\/td><td><\/td><\/tr><tr><td>Andre Luis Assun\u00e7\u00e3o Farias, Luiz Felipe Nazar\u00e9 Vilhena&nbsp;&nbsp;<br>&nbsp;<\/td><td><a href=\"https:\/\/www.ihgp.net.br\/revista\/index.php\/revista\/article\/view\/223\" target=\"_blank\" rel=\"noreferrer noopener\">ESTADO, GRANDES PROJETOS E PLANEJAMENTO REGIONAL NA AMAZ\u00d4NIA: A utopia territorial do PDRS &#8211; lago de Tucuru\u00ed<\/a>&nbsp;<\/td><td>REVISTA DO INSTITUTO HIST\u00d3RICO E GEOGR\u00c1FICO DO PAR\u00c1&nbsp;<\/td><\/tr><tr><td>ANDR\u00c9 FARIAS; THAISSA MAGNO; MARCUS FREITAS.&nbsp;<\/td><td><a href=\"http:\/\/revista.ibict.br\/p2p\/article\/view\/5507\/5175\" target=\"_blank\" rel=\"noreferrer noopener\">Gest\u00e3o Ambiental e Impactos Socioambientais na Amaz\u00f4nia: O (Des)Envolvimento a Partir da UHE Tucuru\u00ed, PA<\/a>&nbsp;<\/td><td>Revista P2P &amp; INOVA\u00c7\u00c3O&nbsp;<\/td><\/tr><tr><td>M\u00c1RIO RIBEIRO; ANDR\u00c9 FARIAS.&nbsp;<\/td><td><a href=\"https:\/\/www.revistas.unijui.edu.br\/index.php\/desenvolvimentoemquestao\/article\/view\/7176\/6657\" target=\"_blank\" rel=\"noreferrer noopener\">Desenvolvimento, Descentraliza\u00e7\u00e3o da Gest\u00e3o Ambiental e Licenciamento na Amaz\u00f4nia: Aplica\u00e7\u00e3o da An\u00e1lise Institucional ao Caso do Munic\u00edpio de Laranjal do Jari (AP)<\/a>&nbsp;<\/td><td>DESENVOLVIMEN TO EM QUEST\u00c3O&nbsp;<\/td><\/tr><tr><td>&nbsp;ANDR\u00c9 FARIAS; GESSIVALDO FERREIRA; MARCUS FREITAS.&nbsp;<\/td><td>&nbsp; <a href=\"https:\/\/drive.google.com\/file\/d\/1853TjePzuwtS7wz5e1wNgIWMvX9sj-lO\/view?usp=sharing\" target=\"_blank\" rel=\"noreferrer noopener\">Impactos Socioambientais de Grandes Projetos e Organiza\u00e7\u00f5es Comunit\u00e1rias na Amaz\u00f4nia: Conflito Como For\u00e7a Motriz!<\/a>&nbsp;<\/td><td>&nbsp; REUMAM&nbsp;<\/td><\/tr><tr><td>AMANDA SANTOS; ANDR\u00c9 FARIAS; OT\u00c1VIO DO CANTO.&nbsp;<\/td><td>&nbsp; <a href=\"https:\/\/periodicos.utfpr.edu.br\/rts\/article\/viewFile\/8261\/7126\" target=\"_blank\" rel=\"noreferrer noopener\">Conflitos socioambientais: an\u00e1lise das<\/a> <a href=\"https:\/\/periodicos.utfpr.edu.br\/rts\/article\/viewFile\/8261\/7126\" target=\"_blank\" rel=\"noreferrer noopener\">estrat\u00e9gias das empresas de dend\u00ea na<\/a> <a href=\"https:\/\/periodicos.utfpr.edu.br\/rts\/article\/viewFile\/8261\/7126\" target=\"_blank\" rel=\"noreferrer noopener\">Amaz\u00f4nia paraense<\/a>&nbsp;<\/td><td>&nbsp; Revista tecnologia e sociedade&nbsp;<\/td><\/tr><tr><td>GILBERTO ROCHA; MARJORIE NEVES; ANDR\u00c9 FARIAS.&nbsp;<\/td><td>&nbsp; <a href=\"http:\/\/www.periodicoseletronicos.ufma.br\/index.php\/interespaco\/article\/view\/14456\/8699\" target=\"_blank\" rel=\"noreferrer noopener\">Inser\u00e7\u00e3o Regional da Usina Hidrel\u00e9trica Belo Monte e&nbsp; a Governan\u00e7a Territorial<\/a>&nbsp;<\/td><td>&nbsp; Interespa\u00e7o: revista de geografia e interdisciplinaridade&nbsp;<\/td><\/tr><tr><td>NORBERT FENZL; DANIEL SOMBRA; OT\u00c1VIO DO CANTO; ANDR\u00c9 FARIAS;&nbsp;<\/td><td>&nbsp; <a href=\"http:\/\/www.periodicoseletronicos.ufma.br\/index.php\/interespaco\/article\/view\/13648\/8697\" target=\"_blank\" rel=\"noreferrer noopener\">Os \u201cGrandes Projetos\u201d e o Processo de Urbaniza\u00e7\u00e3o da Amaz\u00f4nia Brasileira: Consequ\u00eancias Sociais e Transforma\u00e7\u00f5es Territoriais.<\/a>&nbsp;<\/td><td>&nbsp; Interespa\u00e7o: revista de geografia e interdisciplinaridade&nbsp;<\/td><\/tr><tr><td>AMANDA SANTOS; ANDR\u00c9 FARIAS; MARCUS FREITAS.&nbsp;<\/td><td>&nbsp; <a href=\"https:\/\/periodicos.ufpa.br\/index.php\/agroecossistemas\/article\/view\/8905\/6944\" target=\"_blank\" rel=\"noreferrer noopener\">Pol\u00edtica Agroambiental na Amaz\u00f4nia: A Insustentabilidade da Produ\u00e7\u00e3o do Dend\u00ea<\/a>&nbsp;<\/td><td>Revista Agroecossistemas.&nbsp;<\/td><\/tr><tr><td>ANDR\u00c9 FARIAS; DANILO BEZERRA<\/td><td><a href=\"http:\/\/www.ucs.br\/etc\/revistas\/index.php\/direitoambiental\/article\/view\/9028\" data-type=\"URL\" data-id=\"http:\/\/www.ucs.br\/etc\/revistas\/index.php\/direitoambiental\/article\/view\/9028\" target=\"_blank\" rel=\"noreferrer noopener\">IMPACTOS SOCIOAMBIENTAIS E O MITO DO DESENVOLVIMENTO NA AMAZ\u00d4NIA: EIA-RIMA DA HYDRO COMO NEGA\u00c7\u00c3O DE JUSTI\u00c7A AMBIENTAL.<\/a><\/td><td>RDAS &#8211; Revista Direito Ambiental e Sociedade<\/td><\/tr><\/tbody><\/table><\/figure>\n","protected":false},"excerpt":{"rendered":"<p>INTEGRANTE&nbsp; T\u00cdTULO&nbsp; LOCAL&nbsp; Andr\u00e9 Farias; Alex Teixeira; Jo\u00e3o Gabriel Brito Grandes projetos, fronteiras e Terras Ind\u00edgenas (TI) na Amaz\u00f4nia: apropria\u00e7\u00e3o de recursos naturais, riscos e conflitos socioambientais Revista Espacio Abierto, Dossi\u00ea: \u201cFrontera Venezuela-Brasil: Desarrollo socioecon\u00f3mico, ambiental, cultural e institucional\u201d. Diversos Apresenta\u00e7\u00f5es do semin\u00e1rio GPU e Sa\u00fade Ambiental na RMB Andr\u00e9 Farias; Gessivaldo Ferreira; Robert Ferreira [&hellip;]<\/p>\n","protected":false},"author":1,"featured_media":0,"parent":0,"menu_order":0,"comment_status":"closed","ping_status":"closed","template":"","meta":{"_editorskit_title_hidden":false,"_editorskit_reading_time":0,"_editorskit_is_block_options_detached":false,"_editorskit_block_options_position":"{}","_uag_custom_page_level_css":"","site-sidebar-layout":"default","site-content-layout":"","ast-site-content-layout":"","site-content-style":"default","site-sidebar-style":"default","ast-global-header-display":"","ast-banner-title-visibility":"","ast-main-header-display":"","ast-hfb-above-header-display":"","ast-hfb-below-header-display":"","ast-hfb-mobile-header-display":"","site-post-title":"","ast-breadcrumbs-content":"","ast-featured-img":"","footer-sml-layout":"","theme-transparent-header-meta":"","adv-header-id-meta":"","stick-header-meta":"","header-above-stick-meta":"","header-main-stick-meta":"","header-below-stick-meta":"","astra-migrate-meta-layouts":"default","ast-page-background-enabled":"default","ast-page-background-meta":{"desktop":{"background-color":"","background-image":"","background-repeat":"repeat","background-position":"center center","background-size":"auto","background-attachment":"scroll","background-type":"","background-media":"","overlay-type":"","overlay-color":"","overlay-opacity":"","overlay-gradient":""},"tablet":{"background-color":"","background-image":"","background-repeat":"repeat","background-position":"center center","background-size":"auto","background-attachment":"scroll","background-type":"","background-media":"","overlay-type":"","overlay-color":"","overlay-opacity":"","overlay-gradient":""},"mobile":{"background-color":"","background-image":"","background-repeat":"repeat","background-position":"center center","background-size":"auto","background-attachment":"scroll","background-type":"","background-media":"","overlay-type":"","overlay-color":"","overlay-opacity":"","overlay-gradient":""}},"ast-content-background-meta":{"desktop":{"background-color":"var(--ast-global-color-5)","background-image":"","background-repeat":"repeat","background-position":"center center","background-size":"auto","background-attachment":"scroll","background-type":"","background-media":"","overlay-type":"","overlay-color":"","overlay-opacity":"","overlay-gradient":""},"tablet":{"background-color":"var(--ast-global-color-5)","background-image":"","background-repeat":"repeat","background-position":"center center","background-size":"auto","background-attachment":"scroll","background-type":"","background-media":"","overlay-type":"","overlay-color":"","overlay-opacity":"","overlay-gradient":""},"mobile":{"background-color":"var(--ast-global-color-5)","background-image":"","background-repeat":"repeat","background-position":"center center","background-size":"auto","background-attachment":"scroll","background-type":"","background-media":"","overlay-type":"","overlay-color":"","overlay-opacity":"","overlay-gradient":""}},"footnotes":""},"class_list":["post-201","page","type-page","status-publish","hentry"],"uagb_featured_image_src":{"full":false,"thumbnail":false,"medium":false,"medium_large":false,"large":false,"1536x1536":false,"2048x2048":false},"uagb_author_info":{"display_name":"ogpa","author_link":"https:\/\/ogpa.com.br\/index.php\/author\/gaagpam\/"},"uagb_comment_info":0,"uagb_excerpt":"INTEGRANTE&nbsp; T\u00cdTULO&nbsp; LOCAL&nbsp; Andr\u00e9 Farias; Alex Teixeira; Jo\u00e3o Gabriel Brito Grandes projetos, fronteiras e Terras Ind\u00edgenas (TI) na Amaz\u00f4nia: apropria\u00e7\u00e3o de recursos naturais, riscos e conflitos socioambientais Revista Espacio Abierto, Dossi\u00ea: \u201cFrontera Venezuela-Brasil: Desarrollo socioecon\u00f3mico, ambiental, cultural e institucional\u201d. Diversos Apresenta\u00e7\u00f5es do semin\u00e1rio GPU e Sa\u00fade Ambiental na RMB Andr\u00e9 Farias; Gessivaldo Ferreira; Robert Ferreira&hellip;","jetpack-related-posts":[],"_links":{"self":[{"href":"https:\/\/ogpa.com.br\/index.php\/wp-json\/wp\/v2\/pages\/201","targetHints":{"allow":["GET"]}}],"collection":[{"href":"https:\/\/ogpa.com.br\/index.php\/wp-json\/wp\/v2\/pages"}],"about":[{"href":"https:\/\/ogpa.com.br\/index.php\/wp-json\/wp\/v2\/types\/page"}],"author":[{"embeddable":true,"href":"https:\/\/ogpa.com.br\/index.php\/wp-json\/wp\/v2\/users\/1"}],"replies":[{"embeddable":true,"href":"https:\/\/ogpa.com.br\/index.php\/wp-json\/wp\/v2\/comments?post=201"}],"version-history":[{"count":25,"href":"https:\/\/ogpa.com.br\/index.php\/wp-json\/wp\/v2\/pages\/201\/revisions"}],"predecessor-version":[{"id":831,"href":"https:\/\/ogpa.com.br\/index.php\/wp-json\/wp\/v2\/pages\/201\/revisions\/831"}],"wp:attachment":[{"href":"https:\/\/ogpa.com.br\/index.php\/wp-json\/wp\/v2\/media?parent=201"}],"curies":[{"name":"wp","href":"https:\/\/api.w.org\/{rel}","templated":true}]}}