{"id":3910,"date":"2026-03-24T21:30:15","date_gmt":"2026-03-24T21:30:15","guid":{"rendered":"https:\/\/ogpa.com.br\/?page_id=3910"},"modified":"2026-03-26T19:57:52","modified_gmt":"2026-03-26T19:57:52","slug":"defesa-do-territorio-guia-para-comunidades-afetadas-por-grandes-projetos-na-amazonia","status":"publish","type":"page","link":"https:\/\/ogpa.com.br\/index.php\/defesa-do-territorio-guia-para-comunidades-afetadas-por-grandes-projetos-na-amazonia\/","title":{"rendered":"Defesa do Territ\u00f3rio: Guia para Comunidades afetadas por Grandes Projetos na Amaz\u00f4nia"},"content":{"rendered":"\t\t<div data-elementor-type=\"wp-page\" data-elementor-id=\"3910\" class=\"elementor elementor-3910\">\n\t\t\t\t<div class=\"elementor-element elementor-element-bcfa21d e-flex e-con-boxed e-con e-parent\" data-id=\"bcfa21d\" data-element_type=\"container\" data-e-type=\"container\">\n\t\t\t\t\t<div class=\"e-con-inner\">\n\t\t\t\t<div class=\"elementor-element elementor-element-23d396c elementor-widget elementor-widget-text-editor\" data-id=\"23d396c\" data-element_type=\"widget\" data-e-type=\"widget\" data-widget_type=\"text-editor.default\">\n\t\t\t\t<div class=\"elementor-widget-container\">\n\t\t\t\t\t\t\t\t\t<p class=\"has-text-align-justify has-text-align-justify\">Quando um grande projeto chega a um territ\u00f3rio ele pode trazer mudan\u00e7as profundas para a vida das comunidades. Por isso, \u00e9 fundamental saber que existem direitos garantidos por lei que protegem o territ\u00f3rio, o modo de vida e a participa\u00e7\u00e3o das popula\u00e7\u00f5es afetadas.<\/p>\n<p><!-- \/wp:paragraph --><!-- wp:paragraph {\"align\":\"justify\"} --><\/p>\n<p class=\"has-text-align-justify has-text-align-justify\">Conhecer esses direitos \u00e9 um passo importante para que comunidades possam entender o que est\u00e1 acontecendo, se posicionar diante dos projetos e exigir respeito \u00e0s suas formas de vida e organiza\u00e7\u00e3o. Nesta se\u00e7\u00e3o, voc\u00ea encontrar\u00e1 explica\u00e7\u00f5es sobre os principais direitos que podem ser usados na defesa do territ\u00f3rio.<\/p>\n<p><!-- \/wp:paragraph --><!-- wp:paragraph --><\/p>\n<p><strong>Se o projeto chegou ao seu territ\u00f3rio, voc\u00ea tem direito \u00e0:<\/strong><\/p>\n<p><!-- \/wp:paragraph --><!-- wp:paragraph --><\/p>\n<p><!-- \/wp:paragraph --><\/p>\t\t\t\t\t\t\t\t<\/div>\n\t\t\t\t<\/div>\n\t\t\t\t\t<\/div>\n\t\t\t\t<\/div>\n\t\t<div class=\"elementor-element elementor-element-63fc3f0 e-flex e-con-boxed e-con e-parent\" data-id=\"63fc3f0\" data-element_type=\"container\" data-e-type=\"container\">\n\t\t\t\t\t<div class=\"e-con-inner\">\n\t\t<div class=\"elementor-element elementor-element-b715d7d e-con-full e-flex e-con e-child\" data-id=\"b715d7d\" data-element_type=\"container\" data-e-type=\"container\">\n\t\t\t\t<div class=\"elementor-element elementor-element-a059737 elementor-widget elementor-widget-image\" data-id=\"a059737\" data-element_type=\"widget\" data-e-type=\"widget\" data-widget_type=\"image.default\">\n\t\t\t\t<div class=\"elementor-widget-container\">\n\t\t\t\t\t\t\t\t\t\t\t\t<figure class=\"wp-caption\">\n\t\t\t\t\t\t\t\t\t\t\t<a href=\"https:\/\/ogpa.com.br\/index.php\/consulta-previa-convencao-169-da-oit\/\">\n\t\t\t\t\t\t\t<img decoding=\"async\" src=\"https:\/\/ogpa.com.br\/wp-content\/uploads\/elementor\/thumbs\/imagem_2026-03-26_164212938-rl3ag7wlpu7ip1xj7alu5edvzzkxy7f3uk81du7au8.png\" title=\"imagem_2026-03-26_164212938\" alt=\"imagem_2026-03-26_164212938\" loading=\"lazy\" \/>\t\t\t\t\t\t\t\t<\/a>\n\t\t\t\t\t\t\t\t\t\t\t<figcaption class=\"widget-image-caption wp-caption-text\">Consulta Pr\u00e9via<\/figcaption>\n\t\t\t\t\t\t\t\t\t\t<\/figure>\n\t\t\t\t\t\t\t\t\t<\/div>\n\t\t\t\t<\/div>\n\t\t\t\t<\/div>\n\t\t<div class=\"elementor-element elementor-element-e4f48ee e-con-full e-flex e-con e-child\" data-id=\"e4f48ee\" data-element_type=\"container\" data-e-type=\"container\">\n\t\t\t\t<div class=\"elementor-element elementor-element-ac92422 elementor-widget elementor-widget-image\" data-id=\"ac92422\" data-element_type=\"widget\" data-e-type=\"widget\" data-widget_type=\"image.default\">\n\t\t\t\t<div class=\"elementor-widget-container\">\n\t\t\t\t\t\t\t\t\t\t\t\t<figure class=\"wp-caption\">\n\t\t\t\t\t\t\t\t\t\t\t<a href=\"https:\/\/ogpa.com.br\/index.php\/direito-a-participacao-em-audiencias-publicas\/\">\n\t\t\t\t\t\t\t<img decoding=\"async\" src=\"https:\/\/ogpa.com.br\/wp-content\/uploads\/elementor\/thumbs\/imagem_2026-03-24_164352487-rkzt72gwbdip9nzo1ky2zk2j1mrnh77dmzk7ylb9z0.png\" title=\"imagem_2026-03-24_164352487\" alt=\"imagem_2026-03-24_164352487\" loading=\"lazy\" \/>\t\t\t\t\t\t\t\t<\/a>\n\t\t\t\t\t\t\t\t\t\t\t<figcaption class=\"widget-image-caption wp-caption-text\">Audi\u00eancia P\u00fablica<\/figcaption>\n\t\t\t\t\t\t\t\t\t\t<\/figure>\n\t\t\t\t\t\t\t\t\t<\/div>\n\t\t\t\t<\/div>\n\t\t\t\t<\/div>\n\t\t<div class=\"elementor-element elementor-element-9c00a0e e-con-full e-flex e-con e-child\" data-id=\"9c00a0e\" data-element_type=\"container\" data-e-type=\"container\">\n\t\t\t\t<div class=\"elementor-element elementor-element-2d1d8a6 elementor-widget elementor-widget-image\" data-id=\"2d1d8a6\" data-element_type=\"widget\" data-e-type=\"widget\" data-widget_type=\"image.default\">\n\t\t\t\t<div class=\"elementor-widget-container\">\n\t\t\t\t\t\t\t\t\t\t\t\t<figure class=\"wp-caption\">\n\t\t\t\t\t\t\t\t\t\t\t<a href=\"https:\/\/ogpa.com.br\/index.php\/direito-a-informacao\/\">\n\t\t\t\t\t\t\t<img decoding=\"async\" src=\"https:\/\/ogpa.com.br\/wp-content\/uploads\/elementor\/thumbs\/imagem_2026-03-26_113431289-rl2x26cba7wdnvrvnptoen9ms2pm6s6i1ih6lomkcc.png\" title=\"imagem_2026-03-26_113431289\" alt=\"imagem_2026-03-26_113431289\" loading=\"lazy\" \/>\t\t\t\t\t\t\t\t<\/a>\n\t\t\t\t\t\t\t\t\t\t\t<figcaption class=\"widget-image-caption wp-caption-text\">Informa\u00e7\u00e3o<\/figcaption>\n\t\t\t\t\t\t\t\t\t\t<\/figure>\n\t\t\t\t\t\t\t\t\t<\/div>\n\t\t\t\t<\/div>\n\t\t\t\t<\/div>\n\t\t<div class=\"elementor-element elementor-element-c537afe e-con-full e-flex e-con e-child\" data-id=\"c537afe\" data-element_type=\"container\" data-e-type=\"container\">\n\t\t\t\t<div class=\"elementor-element elementor-element-b79f3fb elementor-widget elementor-widget-image\" data-id=\"b79f3fb\" data-element_type=\"widget\" data-e-type=\"widget\" data-widget_type=\"image.default\">\n\t\t\t\t<div class=\"elementor-widget-container\">\n\t\t\t\t\t\t\t\t\t\t\t\t<figure class=\"wp-caption\">\n\t\t\t\t\t\t\t\t\t\t\t<a href=\"https:\/\/ogpa.com.br\/index.php\/direito-a-reparacao-de-danos\/\">\n\t\t\t\t\t\t\t<img decoding=\"async\" src=\"https:\/\/ogpa.com.br\/wp-content\/uploads\/elementor\/thumbs\/imagem_2026-03-24_173225187-rkzvb2p2y3kb01zi2iw6tt7u87di785c15szo4mzza.png\" title=\"imagem_2026-03-24_173225187\" alt=\"imagem_2026-03-24_173225187\" loading=\"lazy\" \/>\t\t\t\t\t\t\t\t<\/a>\n\t\t\t\t\t\t\t\t\t\t\t<figcaption class=\"widget-image-caption wp-caption-text\">Repara\u00e7\u00e3o<\/figcaption>\n\t\t\t\t\t\t\t\t\t\t<\/figure>\n\t\t\t\t\t\t\t\t\t<\/div>\n\t\t\t\t<\/div>\n\t\t\t\t<\/div>\n\t\t\t\t\t<\/div>\n\t\t\t\t<\/div>\n\t\t\t\t<\/div>\n\t\t","protected":false},"excerpt":{"rendered":"<p>Quando um grande projeto chega a um territ\u00f3rio ele pode trazer mudan\u00e7as profundas para a vida das comunidades. Por isso, \u00e9 fundamental saber que existem direitos garantidos por lei que protegem o territ\u00f3rio, o modo de vida e a participa\u00e7\u00e3o das popula\u00e7\u00f5es afetadas. Conhecer esses direitos \u00e9 um passo importante para que comunidades possam entender [&hellip;]<\/p>\n","protected":false},"author":1,"featured_media":0,"parent":0,"menu_order":0,"comment_status":"closed","ping_status":"closed","template":"","meta":{"_editorskit_title_hidden":false,"_editorskit_reading_time":0,"_editorskit_is_block_options_detached":false,"_editorskit_block_options_position":"{}","_uag_custom_page_level_css":"","site-sidebar-layout":"default","site-content-layout":"","ast-site-content-layout":"default","site-content-style":"default","site-sidebar-style":"default","ast-global-header-display":"","ast-banner-title-visibility":"","ast-main-header-display":"","ast-hfb-above-header-display":"","ast-hfb-below-header-display":"","ast-hfb-mobile-header-display":"","site-post-title":"","ast-breadcrumbs-content":"","ast-featured-img":"","footer-sml-layout":"","theme-transparent-header-meta":"","adv-header-id-meta":"","stick-header-meta":"","header-above-stick-meta":"","header-main-stick-meta":"","header-below-stick-meta":"","astra-migrate-meta-layouts":"set","ast-page-background-enabled":"default","ast-page-background-meta":{"desktop":{"background-color":"","background-image":"","background-repeat":"repeat","background-position":"center center","background-size":"auto","background-attachment":"scroll","background-type":"","background-media":"","overlay-type":"","overlay-color":"","overlay-opacity":"","overlay-gradient":""},"tablet":{"background-color":"","background-image":"","background-repeat":"repeat","background-position":"center center","background-size":"auto","background-attachment":"scroll","background-type":"","background-media":"","overlay-type":"","overlay-color":"","overlay-opacity":"","overlay-gradient":""},"mobile":{"background-color":"","background-image":"","background-repeat":"repeat","background-position":"center center","background-size":"auto","background-attachment":"scroll","background-type":"","background-media":"","overlay-type":"","overlay-color":"","overlay-opacity":"","overlay-gradient":""}},"ast-content-background-meta":{"desktop":{"background-color":"var(--ast-global-color-5)","background-image":"","background-repeat":"repeat","background-position":"center center","background-size":"auto","background-attachment":"scroll","background-type":"","background-media":"","overlay-type":"","overlay-color":"","overlay-opacity":"","overlay-gradient":""},"tablet":{"background-color":"var(--ast-global-color-5)","background-image":"","background-repeat":"repeat","background-position":"center center","background-size":"auto","background-attachment":"scroll","background-type":"","background-media":"","overlay-type":"","overlay-color":"","overlay-opacity":"","overlay-gradient":""},"mobile":{"background-color":"var(--ast-global-color-5)","background-image":"","background-repeat":"repeat","background-position":"center center","background-size":"auto","background-attachment":"scroll","background-type":"","background-media":"","overlay-type":"","overlay-color":"","overlay-opacity":"","overlay-gradient":""}},"footnotes":""},"class_list":["post-3910","page","type-page","status-publish","hentry"],"uagb_featured_image_src":{"full":false,"thumbnail":false,"medium":false,"medium_large":false,"large":false,"1536x1536":false,"2048x2048":false},"uagb_author_info":{"display_name":"ogpa","author_link":"https:\/\/ogpa.com.br\/index.php\/author\/gaagpam\/"},"uagb_comment_info":0,"uagb_excerpt":"Quando um grande projeto chega a um territ\u00f3rio ele pode trazer mudan\u00e7as profundas para a vida das comunidades. Por isso, \u00e9 fundamental saber que existem direitos garantidos por lei que protegem o territ\u00f3rio, o modo de vida e a participa\u00e7\u00e3o das popula\u00e7\u00f5es afetadas. Conhecer esses direitos \u00e9 um passo importante para que comunidades possam entender&hellip;","jetpack-related-posts":[{"id":3921,"url":"https:\/\/ogpa.com.br\/index.php\/direito-a-informacao\/","url_meta":{"origin":3910,"position":0},"title":"Direito \u00e0 Informa\u00e7\u00e3o","author":"ogpa","date":"mar\u00e7o 24, 2026","format":false,"excerpt":"As comunidades t\u00eam o direito de acessar informa\u00e7\u00f5es sobre projetos, obras ou atividades que possam afetar seus territ\u00f3rios e suas vidas. Esse direito garante que a popula\u00e7\u00e3o possa conhecer, compreender e acompanhar decis\u00f5es que envolvem o uso da terra, dos rios, das florestas e de outros recursos naturais.Isso significa que\u2026","rel":"","context":"Post similar","block_context":{"text":"Post similar","link":""},"img":{"alt_text":"","src":"https:\/\/i0.wp.com\/ogpa.com.br\/wp-content\/uploads\/2026\/03\/imagem_2026-03-24_165814565.png?resize=350%2C200&ssl=1","width":350,"height":200,"srcset":"https:\/\/i0.wp.com\/ogpa.com.br\/wp-content\/uploads\/2026\/03\/imagem_2026-03-24_165814565.png?resize=350%2C200&ssl=1 1x, https:\/\/i0.wp.com\/ogpa.com.br\/wp-content\/uploads\/2026\/03\/imagem_2026-03-24_165814565.png?resize=525%2C300&ssl=1 1.5x, https:\/\/i0.wp.com\/ogpa.com.br\/wp-content\/uploads\/2026\/03\/imagem_2026-03-24_165814565.png?resize=700%2C400&ssl=1 2x"},"classes":[]},{"id":3913,"url":"https:\/\/ogpa.com.br\/index.php\/consulta-previa-convencao-169-da-oit\/","url_meta":{"origin":3910,"position":1},"title":"Consulta Pr\u00e9via (Conven\u00e7\u00e3o 169 da OIT)","author":"ogpa","date":"mar\u00e7o 24, 2026","format":false,"excerpt":"A consulta pr\u00e9via, livre e informada \u00e9 um direito garantido pela Conven\u00e7\u00e3o n\u00ba 169 da Organiza\u00e7\u00e3o Internacional do Trabalho. Esse tratado internacional reconhece que povos ind\u00edgenas, comunidades tradicionais e povos tribais t\u00eam o direito de ser consultados antes que decis\u00f5es ou projetos que possam afetar seus territ\u00f3rios e modos de\u2026","rel":"","context":"Post similar","block_context":{"text":"Post similar","link":""},"img":{"alt_text":"","src":"https:\/\/i0.wp.com\/ogpa.com.br\/wp-content\/uploads\/2026\/03\/imagem_2026-03-26_105210957.png?resize=350%2C200&ssl=1","width":350,"height":200,"srcset":"https:\/\/i0.wp.com\/ogpa.com.br\/wp-content\/uploads\/2026\/03\/imagem_2026-03-26_105210957.png?resize=350%2C200&ssl=1 1x, https:\/\/i0.wp.com\/ogpa.com.br\/wp-content\/uploads\/2026\/03\/imagem_2026-03-26_105210957.png?resize=525%2C300&ssl=1 1.5x"},"classes":[]},{"id":3917,"url":"https:\/\/ogpa.com.br\/index.php\/direito-a-participacao-em-audiencias-publicas\/","url_meta":{"origin":3910,"position":2},"title":"Direito \u00e0 participa\u00e7\u00e3o em audi\u00eancias p\u00fablicas","author":"ogpa","date":"mar\u00e7o 24, 2026","format":false,"excerpt":"Quando um grande projeto afetar ou puder afetar um territ\u00f3rio, o processo de licenciamento ambiental pode incluir audi\u00eancias p\u00fablicas. Essas audi\u00eancias s\u00e3o reuni\u00f5es abertas onde as comunidades podem receber informa\u00e7\u00f5es sobre o projeto e apresentar suas preocupa\u00e7\u00f5es, perguntas e posicionamentos.Participar dessas audi\u00eancias \u00e9 um direito da popula\u00e7\u00e3o. Esse direito est\u00e1\u2026","rel":"","context":"Post similar","block_context":{"text":"Post similar","link":""},"img":{"alt_text":"","src":"https:\/\/i0.wp.com\/ogpa.com.br\/wp-content\/uploads\/2026\/03\/imagem_2026-03-24_164352487.png?resize=350%2C200&ssl=1","width":350,"height":200,"srcset":"https:\/\/i0.wp.com\/ogpa.com.br\/wp-content\/uploads\/2026\/03\/imagem_2026-03-24_164352487.png?resize=350%2C200&ssl=1 1x, https:\/\/i0.wp.com\/ogpa.com.br\/wp-content\/uploads\/2026\/03\/imagem_2026-03-24_164352487.png?resize=525%2C300&ssl=1 1.5x, https:\/\/i0.wp.com\/ogpa.com.br\/wp-content\/uploads\/2026\/03\/imagem_2026-03-24_164352487.png?resize=700%2C400&ssl=1 2x"},"classes":[]},{"id":3634,"url":"https:\/\/ogpa.com.br\/index.php\/jovens-educadores-ambientais\/","url_meta":{"origin":3910,"position":3},"title":"JEAM","author":"ogpa","date":"junho 20, 2025","format":false,"excerpt":"Jovens Educadores Ambientais (JEAM) Prepara\u00e7\u00e3o para oficina de racismo ambiental - Comunidade Vila da Barca SOBRE O PROJETOO projeto nasce com um prop\u00f3sito claro: ampliar o conhecimento cr\u00edtico das juventudes que vivem nas periferias da Regi\u00e3o Metropolitana de Bel\u00e9m (RMB), especialmente aquelas impactadas pelos Grandes Projetos Urbanos. Muitos jovens dessas\u2026","rel":"","context":"Post similar","block_context":{"text":"Post similar","link":""},"img":{"alt_text":"","src":"https:\/\/i0.wp.com\/ogpa.com.br\/wp-content\/uploads\/2025\/06\/imagem_2025-06-20_150255177.png?resize=350%2C200&ssl=1","width":350,"height":200,"srcset":"https:\/\/i0.wp.com\/ogpa.com.br\/wp-content\/uploads\/2025\/06\/imagem_2025-06-20_150255177.png?resize=350%2C200&ssl=1 1x, https:\/\/i0.wp.com\/ogpa.com.br\/wp-content\/uploads\/2025\/06\/imagem_2025-06-20_150255177.png?resize=525%2C300&ssl=1 1.5x"},"classes":[]},{"id":3924,"url":"https:\/\/ogpa.com.br\/index.php\/direito-a-reparacao-de-danos\/","url_meta":{"origin":3910,"position":4},"title":"Direito \u00e0 Repara\u00e7\u00e3o de Danos","author":"ogpa","date":"mar\u00e7o 24, 2026","format":false,"excerpt":"Quando um empreendimento causa impactos negativos no territ\u00f3rio ou na vida das comunidades, existe o direito \u00e0 repara\u00e7\u00e3o de danos. Isso significa que empresas ou governos respons\u00e1veis pelo projeto devem responder pelos preju\u00edzos causados e tomar medidas para reparar ou compensar esses danos.Os danos podem ser de diferentes tipos, como\u2026","rel":"","context":"Post similar","block_context":{"text":"Post similar","link":""},"img":{"alt_text":"","src":"https:\/\/i0.wp.com\/ogpa.com.br\/wp-content\/uploads\/2026\/03\/imagem_2026-03-24_173231432.png?resize=350%2C200&ssl=1","width":350,"height":200,"srcset":"https:\/\/i0.wp.com\/ogpa.com.br\/wp-content\/uploads\/2026\/03\/imagem_2026-03-24_173231432.png?resize=350%2C200&ssl=1 1x, https:\/\/i0.wp.com\/ogpa.com.br\/wp-content\/uploads\/2026\/03\/imagem_2026-03-24_173231432.png?resize=525%2C300&ssl=1 1.5x, https:\/\/i0.wp.com\/ogpa.com.br\/wp-content\/uploads\/2026\/03\/imagem_2026-03-24_173231432.png?resize=700%2C400&ssl=1 2x"},"classes":[]},{"id":3276,"url":"https:\/\/ogpa.com.br\/index.php\/publicacoes-grandes-projetos-industriais\/","url_meta":{"origin":3910,"position":5},"title":"Publica\u00e7\u00f5es &#8211; Grandes Projetos Industriais","author":"ogpa","date":"mar\u00e7o 20, 2025","format":false,"excerpt":"Publica\u00e7\u00f5es - Grandes Projetos Industriais Grandes Projetos e riscos socioambientais da minera\u00e7\u00e3o na Amaz\u00f4nia: a distribui\u00e7\u00e3o desigual de riscos do garimpo ilegal em Cachoeira do Piri\u00e1 (PA) Autor:\u00a0Andr\u00e9 Farias,\u00a0\u00c1urea Sousa,\u00a0Christian Nunes,\u00a0Jo\u00e3o Gabriel Brito\u00a0 \u00a0 \u00a0 \u00a0 \u00a0 \u00a0 \u00a0 \u00a0 \u00a0 \u00a0 \u00a0 \u00a0 \u00a0 \u00a0 \u00a0 \u00a0 \u00a0 \u00a0\u2026","rel":"","context":"Post similar","block_context":{"text":"Post similar","link":""},"img":{"alt_text":"","src":"https:\/\/i0.wp.com\/ogpa.com.br\/wp-content\/uploads\/2026\/01\/cover_issue_2559_pt_BR.jpg?resize=350%2C200&ssl=1","width":350,"height":200},"classes":[]}],"_links":{"self":[{"href":"https:\/\/ogpa.com.br\/index.php\/wp-json\/wp\/v2\/pages\/3910","targetHints":{"allow":["GET"]}}],"collection":[{"href":"https:\/\/ogpa.com.br\/index.php\/wp-json\/wp\/v2\/pages"}],"about":[{"href":"https:\/\/ogpa.com.br\/index.php\/wp-json\/wp\/v2\/types\/page"}],"author":[{"embeddable":true,"href":"https:\/\/ogpa.com.br\/index.php\/wp-json\/wp\/v2\/users\/1"}],"replies":[{"embeddable":true,"href":"https:\/\/ogpa.com.br\/index.php\/wp-json\/wp\/v2\/comments?post=3910"}],"version-history":[{"count":24,"href":"https:\/\/ogpa.com.br\/index.php\/wp-json\/wp\/v2\/pages\/3910\/revisions"}],"predecessor-version":[{"id":3995,"href":"https:\/\/ogpa.com.br\/index.php\/wp-json\/wp\/v2\/pages\/3910\/revisions\/3995"}],"wp:attachment":[{"href":"https:\/\/ogpa.com.br\/index.php\/wp-json\/wp\/v2\/media?parent=3910"}],"curies":[{"name":"wp","href":"https:\/\/api.w.org\/{rel}","templated":true}]}}