{"id":3913,"date":"2026-03-24T21:19:52","date_gmt":"2026-03-24T21:19:52","guid":{"rendered":"https:\/\/ogpa.com.br\/?page_id=3913"},"modified":"2026-03-26T19:13:23","modified_gmt":"2026-03-26T19:13:23","slug":"consulta-previa-convencao-169-da-oit","status":"publish","type":"page","link":"https:\/\/ogpa.com.br\/index.php\/consulta-previa-convencao-169-da-oit\/","title":{"rendered":"Consulta Pr\u00e9via (Conven\u00e7\u00e3o 169 da OIT)"},"content":{"rendered":"\t\t<div data-elementor-type=\"wp-page\" data-elementor-id=\"3913\" class=\"elementor elementor-3913\">\n\t\t\t\t<div class=\"elementor-element elementor-element-2568f654 e-flex e-con-boxed e-con e-parent\" data-id=\"2568f654\" data-element_type=\"container\" data-e-type=\"container\">\n\t\t\t\t\t<div class=\"e-con-inner\">\n\t\t\t\t<div class=\"elementor-element elementor-element-1dd07f7a elementor-widget elementor-widget-text-editor\" data-id=\"1dd07f7a\" data-element_type=\"widget\" data-e-type=\"widget\" data-widget_type=\"text-editor.default\">\n\t\t\t\t<div class=\"elementor-widget-container\">\n\t\t\t\t\t\t\t\t\t\n<p class=\"has-text-align-justify has-text-align-justify\">A consulta pr\u00e9via, livre e informada \u00e9 um direito garantido pela Conven\u00e7\u00e3o n\u00ba 169 da Organiza\u00e7\u00e3o Internacional do Trabalho. Esse tratado internacional reconhece que povos ind\u00edgenas, comunidades tradicionais e povos tribais t\u00eam o direito de ser consultados antes que decis\u00f5es ou projetos que possam afetar seus territ\u00f3rios e modos de vida sejam aprovados.<br \/><br \/>Na pr\u00e1tica, isso significa que governos e empresas n\u00e3o podem simplesmente decidir ou iniciar um empreendimento em um territ\u00f3rio tradicional sem ouvir as comunidades envolvidas. A consulta deve acontecer antes de qualquer decis\u00e3o final, com informa\u00e7\u00f5es claras sobre o projeto, seus danos, riscos e consequ\u00eancias para o territ\u00f3rio, a cultura, a economia e o modo de vida da comunidade.<br \/><br \/>Al\u00e9m disso, a consulta precisa respeitar tr\u00eas princ\u00edpios fundamentais:<br \/><br \/><strong>Informada<\/strong>: acesso a todas as informa\u00e7\u00f5es necess\u00e1rias para que a comunidade compreender o que est\u00e1 sendo proposto.<br \/><strong>Pr\u00e9via<\/strong>: ocorrer antes da autoriza\u00e7\u00e3o ou in\u00edcio do projeto.<br \/><strong>Livre<\/strong>: sem press\u00f5es, amea\u00e7as ou manipula\u00e7\u00e3o.<br \/><br \/>A consulta tamb\u00e9m deve respeitar as formas pr\u00f3prias de organiza\u00e7\u00e3o das comunidades, seus tempos de decis\u00e3o e suas lideran\u00e7as. N\u00e3o se trata apenas de uma reuni\u00e3o ou audi\u00eancia p\u00fablica, mas de um processo de di\u00e1logo real, em que as comunidades possam discutir, refletir e se posicionar coletivamente.<br \/><br \/>Por isso, quando um grande projeto \u2014 como minera\u00e7\u00e3o, hidrel\u00e9trica, ferrovia, porto, rodovia, ferrovia, hidrovia \u2014 afeta um territ\u00f3rio tradicional, as comunidades t\u00eam o direito de exigir que esse processo de consulta aconte\u00e7a de forma adequada e respeitosa.<\/p>\n\n<figure class=\"wp-block-image aligncenter size-full is-resized\"><img fetchpriority=\"high\" decoding=\"async\" width=\"529\" height=\"523\" class=\"wp-image-3952\" style=\"aspect-ratio: 1.0115004371511198; width: 660px; height: auto;\" src=\"https:\/\/ogpa.com.br\/wp-content\/uploads\/2026\/03\/imagem_2026-03-26_105210957.png\" alt=\"\" srcset=\"https:\/\/ogpa.com.br\/wp-content\/uploads\/2026\/03\/imagem_2026-03-26_105210957.png 529w, https:\/\/ogpa.com.br\/wp-content\/uploads\/2026\/03\/imagem_2026-03-26_105210957-300x297.png 300w\" sizes=\"(max-width: 529px) 100vw, 529px\" \/>\n<figcaption class=\"wp-element-caption\">Comunidade Acu\u00ed, Barcarena (PA). Fonte: <a href=\"https:\/\/fase.org.br\/pt\/biblioteca\/protocolo-de-consulta-comunidade-tradicional-acui\/\">FASE<\/a>\u00a0<\/figcaption>\n<\/figure>\n<hr class=\"wp-block-separator has-alpha-channel-opacity\" \/>\n<p>\u00a0<\/p>\n\n<p class=\"has-text-align-justify has-text-align-justify\"><strong>Como as comunidades podem exigir esse direito<\/strong><\/p>\n\n<p>Mesmo quando o governo ou empresas n\u00e3o iniciam a consulta de forma adequada, as comunidades podem exigir que esse direito seja respeitado. Algumas formas de fazer isso s\u00e3o:<\/p>\n\n<p class=\"has-text-align-justify has-text-align-justify\"><strong>1. Solicitar formalmente a consulta<\/strong><br \/>A comunidade pode enviar uma carta ou um documento padr\u00e3o aos \u00f3rg\u00e3os respons\u00e1veis pelo projeto (como \u00f3rg\u00e3os ambientais ou minist\u00e9rios), informando que o territ\u00f3rio \u00e9 afetado e exigindo a realiza\u00e7\u00e3o da consulta pr\u00e9via conforme a Conven\u00e7\u00e3o 169.<\/p>\n\n<p class=\"has-text-align-justify has-text-align-justify\"><strong>2. Acionar o Minist\u00e9rio P\u00fablico<\/strong><br \/>Quando o direito \u00e0 consulta n\u00e3o \u00e9 respeitado, \u00e9 poss\u00edvel procurar o Minist\u00e9rio P\u00fablico Federal ou o Minist\u00e9rio P\u00fablico Estadual. Esses \u00f3rg\u00e3os podem investigar a situa\u00e7\u00e3o e exigir que o governo ou empresas realizem a consulta corretamente.<\/p>\n\n<p class=\"has-text-align-justify has-text-align-justify\"><strong>3. Construir um protocolo de consulta comunit\u00e1rio<\/strong><br \/>Muitas comunidades elaboram seus pr\u00f3prios protocolos de consulta, que s\u00e3o documentos onde a comunidade define como deseja ser consultada, quem s\u00e3o suas lideran\u00e7as, quais s\u00e3o os tempos de decis\u00e3o e quais procedimentos devem ser respeitados.<\/p>\n\n<p class=\"has-text-align-justify has-text-align-justify\"><strong>4. Registrar irregularidades<\/strong><br \/>\u00c9 importante registrar quando projetos avan\u00e7am sem consulta adequada, ou quando audi\u00eancias p\u00fablicas s\u00e3o apresentadas como se fossem consulta \u2014 o que n\u00e3o substitui esse direito. Esses registros podem fortalecer den\u00fancias e a\u00e7\u00f5es coletivas.<\/p>\n\n<p class=\"has-text-align-justify has-text-align-justify\"><strong>5. Articular apoio com organiza\u00e7\u00f5es e movimentos<\/strong><br \/>Universidades, organiza\u00e7\u00f5es da sociedade civil, associa\u00e7\u00f5es comunit\u00e1rias e redes de movimentos sociais podem ajudar as comunidades a acessar informa\u00e7\u00f5es, apoio jur\u00eddico e estrat\u00e9gias de defesa territorial.<\/p>\n\n<p>\u00a0<\/p>\n\t\t\t\t\t\t\t\t<\/div>\n\t\t\t\t<\/div>\n\t\t\t\t\t<\/div>\n\t\t\t\t<\/div>\n\t\t\t\t<\/div>\n\t\t","protected":false},"excerpt":{"rendered":"<p>A consulta pr\u00e9via, livre e informada \u00e9 um direito garantido pela Conven\u00e7\u00e3o n\u00ba 169 da Organiza\u00e7\u00e3o Internacional do Trabalho. Esse tratado internacional reconhece que povos ind\u00edgenas, comunidades tradicionais e povos tribais t\u00eam o direito de ser consultados antes que decis\u00f5es ou projetos que possam afetar seus territ\u00f3rios e modos de vida sejam aprovados. Na pr\u00e1tica, [&hellip;]<\/p>\n","protected":false},"author":1,"featured_media":0,"parent":0,"menu_order":0,"comment_status":"closed","ping_status":"closed","template":"","meta":{"_editorskit_title_hidden":false,"_editorskit_reading_time":0,"_editorskit_is_block_options_detached":false,"_editorskit_block_options_position":"{}","_uag_custom_page_level_css":"","site-sidebar-layout":"default","site-content-layout":"","ast-site-content-layout":"default","site-content-style":"default","site-sidebar-style":"default","ast-global-header-display":"","ast-banner-title-visibility":"","ast-main-header-display":"","ast-hfb-above-header-display":"","ast-hfb-below-header-display":"","ast-hfb-mobile-header-display":"","site-post-title":"","ast-breadcrumbs-content":"","ast-featured-img":"","footer-sml-layout":"","theme-transparent-header-meta":"","adv-header-id-meta":"","stick-header-meta":"","header-above-stick-meta":"","header-main-stick-meta":"","header-below-stick-meta":"","astra-migrate-meta-layouts":"set","ast-page-background-enabled":"default","ast-page-background-meta":{"desktop":{"background-color":"","background-image":"","background-repeat":"repeat","background-position":"center center","background-size":"auto","background-attachment":"scroll","background-type":"","background-media":"","overlay-type":"","overlay-color":"","overlay-opacity":"","overlay-gradient":""},"tablet":{"background-color":"","background-image":"","background-repeat":"repeat","background-position":"center center","background-size":"auto","background-attachment":"scroll","background-type":"","background-media":"","overlay-type":"","overlay-color":"","overlay-opacity":"","overlay-gradient":""},"mobile":{"background-color":"","background-image":"","background-repeat":"repeat","background-position":"center center","background-size":"auto","background-attachment":"scroll","background-type":"","background-media":"","overlay-type":"","overlay-color":"","overlay-opacity":"","overlay-gradient":""}},"ast-content-background-meta":{"desktop":{"background-color":"var(--ast-global-color-5)","background-image":"","background-repeat":"repeat","background-position":"center center","background-size":"auto","background-attachment":"scroll","background-type":"","background-media":"","overlay-type":"","overlay-color":"","overlay-opacity":"","overlay-gradient":""},"tablet":{"background-color":"var(--ast-global-color-5)","background-image":"","background-repeat":"repeat","background-position":"center center","background-size":"auto","background-attachment":"scroll","background-type":"","background-media":"","overlay-type":"","overlay-color":"","overlay-opacity":"","overlay-gradient":""},"mobile":{"background-color":"var(--ast-global-color-5)","background-image":"","background-repeat":"repeat","background-position":"center center","background-size":"auto","background-attachment":"scroll","background-type":"","background-media":"","overlay-type":"","overlay-color":"","overlay-opacity":"","overlay-gradient":""}},"footnotes":""},"class_list":["post-3913","page","type-page","status-publish","hentry"],"uagb_featured_image_src":{"full":false,"thumbnail":false,"medium":false,"medium_large":false,"large":false,"1536x1536":false,"2048x2048":false},"uagb_author_info":{"display_name":"ogpa","author_link":"https:\/\/ogpa.com.br\/index.php\/author\/gaagpam\/"},"uagb_comment_info":0,"uagb_excerpt":"A consulta pr\u00e9via, livre e informada \u00e9 um direito garantido pela Conven\u00e7\u00e3o n\u00ba 169 da Organiza\u00e7\u00e3o Internacional do Trabalho. Esse tratado internacional reconhece que povos ind\u00edgenas, comunidades tradicionais e povos tribais t\u00eam o direito de ser consultados antes que decis\u00f5es ou projetos que possam afetar seus territ\u00f3rios e modos de vida sejam aprovados. Na pr\u00e1tica,&hellip;","jetpack-related-posts":[{"id":3910,"url":"https:\/\/ogpa.com.br\/index.php\/defesa-do-territorio-guia-para-comunidades-afetadas-por-grandes-projetos-na-amazonia\/","url_meta":{"origin":3913,"position":0},"title":"Defesa do Territ\u00f3rio: Guia para Comunidades afetadas por Grandes Projetos na Amaz\u00f4nia","author":"ogpa","date":"mar\u00e7o 24, 2026","format":false,"excerpt":"Quando um grande projeto chega a um territ\u00f3rio ele pode trazer mudan\u00e7as profundas para a vida das comunidades. Por isso, \u00e9 fundamental saber que existem direitos garantidos por lei que protegem o territ\u00f3rio, o modo de vida e a participa\u00e7\u00e3o das popula\u00e7\u00f5es afetadas. Conhecer esses direitos \u00e9 um passo importante\u2026","rel":"","context":"Post similar","block_context":{"text":"Post similar","link":""},"img":{"alt_text":"imagem_2026-03-26_113431289","src":"https:\/\/i0.wp.com\/ogpa.com.br\/wp-content\/uploads\/2026\/03\/imagem_2026-03-26_113431289-150x150.png?resize=350%2C200&ssl=1","width":350,"height":200},"classes":[]},{"id":3917,"url":"https:\/\/ogpa.com.br\/index.php\/direito-a-participacao-em-audiencias-publicas\/","url_meta":{"origin":3913,"position":1},"title":"Direito \u00e0 participa\u00e7\u00e3o em audi\u00eancias p\u00fablicas","author":"ogpa","date":"mar\u00e7o 24, 2026","format":false,"excerpt":"Quando um grande projeto afetar ou puder afetar um territ\u00f3rio, o processo de licenciamento ambiental pode incluir audi\u00eancias p\u00fablicas. Essas audi\u00eancias s\u00e3o reuni\u00f5es abertas onde as comunidades podem receber informa\u00e7\u00f5es sobre o projeto e apresentar suas preocupa\u00e7\u00f5es, perguntas e posicionamentos.Participar dessas audi\u00eancias \u00e9 um direito da popula\u00e7\u00e3o. Esse direito est\u00e1\u2026","rel":"","context":"Post similar","block_context":{"text":"Post similar","link":""},"img":{"alt_text":"","src":"https:\/\/i0.wp.com\/ogpa.com.br\/wp-content\/uploads\/2026\/03\/imagem_2026-03-24_164352487.png?resize=350%2C200&ssl=1","width":350,"height":200,"srcset":"https:\/\/i0.wp.com\/ogpa.com.br\/wp-content\/uploads\/2026\/03\/imagem_2026-03-24_164352487.png?resize=350%2C200&ssl=1 1x, https:\/\/i0.wp.com\/ogpa.com.br\/wp-content\/uploads\/2026\/03\/imagem_2026-03-24_164352487.png?resize=525%2C300&ssl=1 1.5x, https:\/\/i0.wp.com\/ogpa.com.br\/wp-content\/uploads\/2026\/03\/imagem_2026-03-24_164352487.png?resize=700%2C400&ssl=1 2x"},"classes":[]},{"id":3921,"url":"https:\/\/ogpa.com.br\/index.php\/direito-a-informacao\/","url_meta":{"origin":3913,"position":2},"title":"Direito \u00e0 Informa\u00e7\u00e3o","author":"ogpa","date":"mar\u00e7o 24, 2026","format":false,"excerpt":"As comunidades t\u00eam o direito de acessar informa\u00e7\u00f5es sobre projetos, obras ou atividades que possam afetar seus territ\u00f3rios e suas vidas. Esse direito garante que a popula\u00e7\u00e3o possa conhecer, compreender e acompanhar decis\u00f5es que envolvem o uso da terra, dos rios, das florestas e de outros recursos naturais.Isso significa que\u2026","rel":"","context":"Post similar","block_context":{"text":"Post similar","link":""},"img":{"alt_text":"","src":"https:\/\/i0.wp.com\/ogpa.com.br\/wp-content\/uploads\/2026\/03\/imagem_2026-03-24_165814565.png?resize=350%2C200&ssl=1","width":350,"height":200,"srcset":"https:\/\/i0.wp.com\/ogpa.com.br\/wp-content\/uploads\/2026\/03\/imagem_2026-03-24_165814565.png?resize=350%2C200&ssl=1 1x, https:\/\/i0.wp.com\/ogpa.com.br\/wp-content\/uploads\/2026\/03\/imagem_2026-03-24_165814565.png?resize=525%2C300&ssl=1 1.5x, https:\/\/i0.wp.com\/ogpa.com.br\/wp-content\/uploads\/2026\/03\/imagem_2026-03-24_165814565.png?resize=700%2C400&ssl=1 2x"},"classes":[]},{"id":3924,"url":"https:\/\/ogpa.com.br\/index.php\/direito-a-reparacao-de-danos\/","url_meta":{"origin":3913,"position":3},"title":"Direito \u00e0 Repara\u00e7\u00e3o de Danos","author":"ogpa","date":"mar\u00e7o 24, 2026","format":false,"excerpt":"Quando um empreendimento causa impactos negativos no territ\u00f3rio ou na vida das comunidades, existe o direito \u00e0 repara\u00e7\u00e3o de danos. Isso significa que empresas ou governos respons\u00e1veis pelo projeto devem responder pelos preju\u00edzos causados e tomar medidas para reparar ou compensar esses danos.Os danos podem ser de diferentes tipos, como\u2026","rel":"","context":"Post similar","block_context":{"text":"Post similar","link":""},"img":{"alt_text":"","src":"https:\/\/i0.wp.com\/ogpa.com.br\/wp-content\/uploads\/2026\/03\/imagem_2026-03-24_173231432.png?resize=350%2C200&ssl=1","width":350,"height":200,"srcset":"https:\/\/i0.wp.com\/ogpa.com.br\/wp-content\/uploads\/2026\/03\/imagem_2026-03-24_173231432.png?resize=350%2C200&ssl=1 1x, https:\/\/i0.wp.com\/ogpa.com.br\/wp-content\/uploads\/2026\/03\/imagem_2026-03-24_173231432.png?resize=525%2C300&ssl=1 1.5x, https:\/\/i0.wp.com\/ogpa.com.br\/wp-content\/uploads\/2026\/03\/imagem_2026-03-24_173231432.png?resize=700%2C400&ssl=1 2x"},"classes":[]},{"id":3634,"url":"https:\/\/ogpa.com.br\/index.php\/jovens-educadores-ambientais\/","url_meta":{"origin":3913,"position":4},"title":"JEAM","author":"ogpa","date":"junho 20, 2025","format":false,"excerpt":"Jovens Educadores Ambientais (JEAM) Prepara\u00e7\u00e3o para oficina de racismo ambiental - Comunidade Vila da Barca SOBRE O PROJETOO projeto nasce com um prop\u00f3sito claro: ampliar o conhecimento cr\u00edtico das juventudes que vivem nas periferias da Regi\u00e3o Metropolitana de Bel\u00e9m (RMB), especialmente aquelas impactadas pelos Grandes Projetos Urbanos. Muitos jovens dessas\u2026","rel":"","context":"Post similar","block_context":{"text":"Post similar","link":""},"img":{"alt_text":"","src":"https:\/\/i0.wp.com\/ogpa.com.br\/wp-content\/uploads\/2025\/06\/imagem_2025-06-20_150255177.png?resize=350%2C200&ssl=1","width":350,"height":200,"srcset":"https:\/\/i0.wp.com\/ogpa.com.br\/wp-content\/uploads\/2025\/06\/imagem_2025-06-20_150255177.png?resize=350%2C200&ssl=1 1x, https:\/\/i0.wp.com\/ogpa.com.br\/wp-content\/uploads\/2025\/06\/imagem_2025-06-20_150255177.png?resize=525%2C300&ssl=1 1.5x"},"classes":[]},{"id":3276,"url":"https:\/\/ogpa.com.br\/index.php\/publicacoes-grandes-projetos-industriais\/","url_meta":{"origin":3913,"position":5},"title":"Publica\u00e7\u00f5es &#8211; Grandes Projetos Industriais","author":"ogpa","date":"mar\u00e7o 20, 2025","format":false,"excerpt":"Publica\u00e7\u00f5es - Grandes Projetos Industriais Grandes Projetos e riscos socioambientais da minera\u00e7\u00e3o na Amaz\u00f4nia: a distribui\u00e7\u00e3o desigual de riscos do garimpo ilegal em Cachoeira do Piri\u00e1 (PA) Autor:\u00a0Andr\u00e9 Farias,\u00a0\u00c1urea Sousa,\u00a0Christian Nunes,\u00a0Jo\u00e3o Gabriel Brito\u00a0 \u00a0 \u00a0 \u00a0 \u00a0 \u00a0 \u00a0 \u00a0 \u00a0 \u00a0 \u00a0 \u00a0 \u00a0 \u00a0 \u00a0 \u00a0 \u00a0 \u00a0\u2026","rel":"","context":"Post similar","block_context":{"text":"Post similar","link":""},"img":{"alt_text":"","src":"https:\/\/i0.wp.com\/ogpa.com.br\/wp-content\/uploads\/2026\/01\/cover_issue_2559_pt_BR.jpg?resize=350%2C200&ssl=1","width":350,"height":200},"classes":[]}],"_links":{"self":[{"href":"https:\/\/ogpa.com.br\/index.php\/wp-json\/wp\/v2\/pages\/3913","targetHints":{"allow":["GET"]}}],"collection":[{"href":"https:\/\/ogpa.com.br\/index.php\/wp-json\/wp\/v2\/pages"}],"about":[{"href":"https:\/\/ogpa.com.br\/index.php\/wp-json\/wp\/v2\/types\/page"}],"author":[{"embeddable":true,"href":"https:\/\/ogpa.com.br\/index.php\/wp-json\/wp\/v2\/users\/1"}],"replies":[{"embeddable":true,"href":"https:\/\/ogpa.com.br\/index.php\/wp-json\/wp\/v2\/comments?post=3913"}],"version-history":[{"count":10,"href":"https:\/\/ogpa.com.br\/index.php\/wp-json\/wp\/v2\/pages\/3913\/revisions"}],"predecessor-version":[{"id":3966,"href":"https:\/\/ogpa.com.br\/index.php\/wp-json\/wp\/v2\/pages\/3913\/revisions\/3966"}],"wp:attachment":[{"href":"https:\/\/ogpa.com.br\/index.php\/wp-json\/wp\/v2\/media?parent=3913"}],"curies":[{"name":"wp","href":"https:\/\/api.w.org\/{rel}","templated":true}]}}